{"id":74,"date":"2011-03-02T20:58:59","date_gmt":"2011-03-03T01:58:59","guid":{"rendered":"http:\/\/209.44.100.85\/?page_id=74"},"modified":"2014-03-10T15:43:26","modified_gmt":"2014-03-10T19:43:26","slug":"pas-si-fous-ces-francais","status":"publish","type":"page","link":"https:\/\/nadeaubarlow.com\/fr\/pas-si-fous-ces-francais\/","title":{"rendered":"Pas si fous, ces Fran\u00e7ais!"},"content":{"rendered":"<p>Pourquoi personne ne comprend les Fran\u00e7ais?<\/p>\n<p>Pour r\u00e9pondre \u00e0 cette \u00e9pineuse question, les journalistes Julie Barlow et Jean-Beno\u00eet Nadeau ont pass\u00e9 plus de deux ans \u00e0 observer les Fran\u00e7ais dans leur \u00e9l\u00e9ment naturel avec un seul objectif\u00a0: comprendre. De ce s\u00e9jour anthropologique dans cet \u00e9trange pays est n\u00e9 ce livre, dr\u00f4le et s\u00e9rieux \u00e0 la fois.<\/p>\n<p>Bousculant la plupart des id\u00e9es re\u00e7ues sur la France et les Fran\u00e7ais, les auteurs ont pass\u00e9 au crible les structures et les r\u00e9flexes culturels des Fran\u00e7ais. Tout y passe\u00a0: de leur suppos\u00e9e arrogance \u00e0 leur culte de l\u2019\u00c9tat et des grands hommes, leur obsession de la la\u00efcit\u00e9, ou encore leur penchant immod\u00e9r\u00e9 pour les manifestations. Ils se sont immerg\u00e9 dans la \u00ab\u00a0province\u00a0\u00bb, ont poursuivi les fans de Jos\u00e9 Bov\u00e9, p\u00e9n\u00e9tr\u00e9 les arcanes de l\u2019\u00e9narchie, \u00e9tudi\u00e9 la fa\u00e7on dont les Fran\u00e7ais inventent l\u2019exception culturelle, pr\u00e9tendent r\u00e9sister \u00e0 la mondialisation, tournent leurs phrases, corrigent leurs interlocuteurs \u00e0 tout propos, trichent et acceptent que leurs dirigeants politiques en fassent autant.<\/p>\n<p>Ce livre salutaire fut publi\u00e9 pour la premi\u00e8re fois en anglais en pleine guerre irakienne puis en fran\u00e7ais en pleine crise des \u00e9meutes des banlieues parisiennes. Une lecture tr\u00e8s rafra\u00eechissante.<\/p>\n","protected":false},"excerpt":{"rendered":"<p>Pourquoi personne ne comprend les Fran\u00e7ais? Pour r\u00e9pondre \u00e0 cette \u00e9pineuse question, les journalistes Julie Barlow et Jean-Beno\u00eet Nadeau ont pass\u00e9 plus de deux ans &#8230;<\/p>\n","protected":false},"author":3,"featured_media":78,"parent":0,"menu_order":0,"comment_status":"closed","ping_status":"closed","template":"","meta":[],"_links":{"self":[{"href":"https:\/\/nadeaubarlow.com\/fr\/wp-json\/wp\/v2\/pages\/74"}],"collection":[{"href":"https:\/\/nadeaubarlow.com\/fr\/wp-json\/wp\/v2\/pages"}],"about":[{"href":"https:\/\/nadeaubarlow.com\/fr\/wp-json\/wp\/v2\/types\/page"}],"author":[{"embeddable":true,"href":"https:\/\/nadeaubarlow.com\/fr\/wp-json\/wp\/v2\/users\/3"}],"replies":[{"embeddable":true,"href":"https:\/\/nadeaubarlow.com\/fr\/wp-json\/wp\/v2\/comments?post=74"}],"version-history":[{"count":8,"href":"https:\/\/nadeaubarlow.com\/fr\/wp-json\/wp\/v2\/pages\/74\/revisions"}],"predecessor-version":[{"id":76,"href":"https:\/\/nadeaubarlow.com\/fr\/wp-json\/wp\/v2\/pages\/74\/revisions\/76"}],"wp:featuredmedia":[{"embeddable":true,"href":"https:\/\/nadeaubarlow.com\/fr\/wp-json\/wp\/v2\/media\/78"}],"wp:attachment":[{"href":"https:\/\/nadeaubarlow.com\/fr\/wp-json\/wp\/v2\/media?parent=74"}],"curies":[{"name":"wp","href":"https:\/\/api.w.org\/{rel}","templated":true}]}}