{"id":69,"date":"2011-03-02T20:30:56","date_gmt":"2011-03-03T01:30:56","guid":{"rendered":"http:\/\/209.44.100.85\/?page_id=69"},"modified":"2016-11-09T11:44:19","modified_gmt":"2016-11-09T16:44:19","slug":"jean-benoit-et-julie","status":"publish","type":"page","link":"https:\/\/nadeaubarlow.com\/fr\/jean-benoit-et-julie\/","title":{"rendered":"Jean-Beno\u00eet et Julie"},"content":{"rendered":"<p><img loading=\"lazy\" class=\"alignleft  wp-image-12299\" src=\"https:\/\/nadeaubarlow.com\/wp-content\/uploads\/2011\/03\/JeanJulieSeriousCR.jpg\" alt=\"JeanJulieSeriousCR\" width=\"419\" height=\"235\" srcset=\"https:\/\/nadeaubarlow.com\/wp-content\/uploads\/2011\/03\/JeanJulieSeriousCR.jpg 3438w, https:\/\/nadeaubarlow.com\/wp-content\/uploads\/2011\/03\/JeanJulieSeriousCR-768x431.jpg 768w, https:\/\/nadeaubarlow.com\/wp-content\/uploads\/2011\/03\/JeanJulieSeriousCR-750x420.jpg 750w, https:\/\/nadeaubarlow.com\/wp-content\/uploads\/2011\/03\/JeanJulieSeriousCR-1140x641.jpg 1140w\" sizes=\"(max-width: 419px) 100vw, 419px\" \/><\/p>\n<p>En 1999, le couple a d\u00e9m\u00e9nag\u00e9 en France, o\u00f9 ils ont \u00e9crit deux livres qui deviendront best-sellers\u00a0: <i>Les Fran\u00e7ais aussi ont un accent<\/i><b> <\/b>(Payot 2002) et <i>Pas si fous ces Fran\u00e7ais <\/i>(Seuil, 2005). Ce dernier est paru \u00e0 l\u2019origine sous un titre en anglais aux \u00c9tats-Unis. Encens\u00e9 par la critique internationale, ce livre fut \u00e9galement tr\u00e8s appr\u00e9ci\u00e9 en France. \u00ab\u00a0Une lecture revigorante\u00a0\u00bb, \u00e9crivait le critique r\u00e9put\u00e9 Bernard Pivot.<\/p>\n<p>Barlow et Nadeau ont ensuite parcouru l\u2019univers francophone pour faire la recherche de leur prochain livre sur la langue fran\u00e7aise, <i>Le fran\u00e7ais, quelle histoire <\/i>\u2013 ou <i>La Grande Aventure de la langue fran\u00e7aise<\/i><b> <\/b>pour l\u2019\u00e9dition qu\u00e9b\u00e9coise. Publi\u00e9 \u00e9galement en anglais en 2006 et traduit en japonais, le livre a \u00e9t\u00e9 r\u00e9compens\u00e9 du Prix Mavis-Gallant\u00a02007 et du prix <em>La Renaissance Fran\u00e7aise de l\u2019Acad\u00e9mie des sciences de l\u2019outremer<\/em>. Ils ont \u00e9galement adapt\u00e9 ce livre pour un documentaire radio de deux heures, <em>Le fran\u00e7ais n&rsquo;a pas dit son dernier mot<\/em>, diffus\u00e9 sur France Culture en juillet 2014.<\/p>\n<p>En 2010, le couple a pass\u00e9 six mois \u00e0 Phoenix, en Arizona, pour y explorer la mont\u00e9e de la langue espagnole aux \u00c9tats-Unis. En 2013, ils ont ainsi publi\u00e9 <i>The Story of Spanish.<\/i><b> <\/b>Un ouvrage de vulgarisation encens\u00e9 par la presse internationale, de la revue <i>The Economist <\/i>au <i>Los Angeles Times <\/i>en passant par le <i>Wall Street Journal <\/i>et le <i>Maclean\u2019s<\/i>.<\/p>\n<p>En 2013-2014, ils sont retourn\u00e9s pour un an \u00e0 Paris pour faire la recherche pour un nouveau livre sur les Fran\u00e7ais, <em>The Bonjour Effect: The Secret Codes of French Conversation Revealed<\/em> (St. Martin&rsquo;s Press, 2016). Ce nouvel ouvrage jette un regard d&rsquo;anthropologues sur cet art bien fran\u00e7ais de la conversation, en examinant comment les Fran\u00e7ais expriment leurs vues sur eux-m\u00eames et les autres, sur tout et sur rien, et sur leurs tabous.<\/p>\n<p>Conf\u00e9renciers appr\u00e9ci\u00e9s, Barlow et Nadeau ont donn\u00e9 de nombreuses conf\u00e9rences au Canada, aux \u00c9tats-Unis, en Europe et au Japon.<\/p>\n<p>Contributeurs r\u00e9guliers au magazine <em>L\u2019actualit\u00e9<\/em>, ils ont \u00e9galement sign\u00e9 des articles, reportages et chroniques pour des m\u00e9dias aussi divers que <em>GEO, L\u2019Express<\/em> ou le <i>The New York Times<\/i>. Ensemble ou individuellement, ils ont publi\u00e9 10 livres, r\u00e9dig\u00e9 un millier d\u2019articles, et remport\u00e9 deux douzaines de prix litt\u00e9raires et journalistiques, en plus de d\u00e9crocher six bourses importantes.<\/p>\n<p>Ayant v\u00e9cu \u00e0 Paris, Toronto et Phoenix, le couple trilingue (fran\u00e7ais, anglais, espagnol) est bas\u00e9 \u00e0 Montr\u00e9al, o\u00f9 ils \u00e9l\u00e8vent leurs filles jumelles.<\/p>\n<p><a href=\"https:\/\/nadeaubarlow.com\/wp-content\/uploads\/2012\/08\/Jean-Benoit-Nadeau-Julie-Barlow.jpg\" target=\"_blank\">T\u00e9l\u00e9charger photo de Jean-Beno\u00eet et Julie en haute r\u00e9solution \u00bb<\/a><\/p>\n","protected":false},"excerpt":{"rendered":"<p>En 1999, le couple a d\u00e9m\u00e9nag\u00e9 en France, o\u00f9 ils ont \u00e9crit deux livres qui deviendront best-sellers\u00a0: Les Fran\u00e7ais aussi ont un accent (Payot 2002) &#8230;<\/p>\n","protected":false},"author":3,"featured_media":54,"parent":0,"menu_order":0,"comment_status":"closed","ping_status":"closed","template":"","meta":[],"_links":{"self":[{"href":"https:\/\/nadeaubarlow.com\/fr\/wp-json\/wp\/v2\/pages\/69"}],"collection":[{"href":"https:\/\/nadeaubarlow.com\/fr\/wp-json\/wp\/v2\/pages"}],"about":[{"href":"https:\/\/nadeaubarlow.com\/fr\/wp-json\/wp\/v2\/types\/page"}],"author":[{"embeddable":true,"href":"https:\/\/nadeaubarlow.com\/fr\/wp-json\/wp\/v2\/users\/3"}],"replies":[{"embeddable":true,"href":"https:\/\/nadeaubarlow.com\/fr\/wp-json\/wp\/v2\/comments?post=69"}],"version-history":[{"count":24,"href":"https:\/\/nadeaubarlow.com\/fr\/wp-json\/wp\/v2\/pages\/69\/revisions"}],"predecessor-version":[{"id":12302,"href":"https:\/\/nadeaubarlow.com\/fr\/wp-json\/wp\/v2\/pages\/69\/revisions\/12302"}],"wp:featuredmedia":[{"embeddable":true,"href":"https:\/\/nadeaubarlow.com\/fr\/wp-json\/wp\/v2\/media\/54"}],"wp:attachment":[{"href":"https:\/\/nadeaubarlow.com\/fr\/wp-json\/wp\/v2\/media?parent=69"}],"curies":[{"name":"wp","href":"https:\/\/api.w.org\/{rel}","templated":true}]}}