{"id":4273,"date":"2012-03-13T11:58:01","date_gmt":"2012-03-13T15:58:01","guid":{"rendered":"http:\/\/nadeaubarlow.com\/?page_id=4273"},"modified":"2013-05-01T15:46:04","modified_gmt":"2013-05-01T19:46:04","slug":"presse-2","status":"publish","type":"page","link":"https:\/\/nadeaubarlow.com\/fr\/presse-2\/","title":{"rendered":"Espace presse"},"content":{"rendered":"<h3><a href=\"https:\/\/nadeaubarlow.com\/renseignements\/\" target=\"_blank\">Renseignements sur les conf\u00e9rences\u00a0\u00bb<\/a><\/h3>\n<h3><a href=\"https:\/\/nadeaubarlow.com\/contactez-nous\/communiques-de-presse\/\">Communiqu\u00e9s<\/a> \u00a0 \u00a0 \u00a0 \u00a0 \u00a0<a href=\"https:\/\/nadeaubarlow.com\/contactez-nous\/presentations-recentes\/\">Pr\u00e9sentations r\u00e9centes<\/a><\/h3>\n<h3><a href=\"https:\/\/nadeaubarlow.com\/contactez-nous\/communiques-de-presse\/\"><img loading=\"lazy\" class=\"alignleft  wp-image-4292\" title=\"Communiqu\u00e9s de presse  \" alt=\"\" src=\"https:\/\/nadeaubarlow.com\/wp-content\/uploads\/2012\/03\/2012-03-13-Communiques-Fr-300x247.png\" width=\"180\" height=\"148\" \/><\/a><a href=\"https:\/\/nadeaubarlow.com\/contactez-nous\/presentations-recentes\/\"><img loading=\"lazy\" class=\"alignleft wp-image-4293\" title=\"Pr\u00e9sentations r\u00e9centes\" alt=\"\" src=\"https:\/\/nadeaubarlow.com\/wp-content\/uploads\/2012\/03\/2012-03-13-Presentations-Recentes-Fr-300x247.png\" width=\"180\" height=\"148\" \/><\/a><\/h3>\n<h3><a href=\"https:\/\/nadeaubarlow.com\/category\/presse\/\">Revue de presse<\/a>\u00a0 \u00a0 \u00a0 \u00a0<a href=\"https:\/\/nadeaubarlow.com\/videos-fr\/\">Vid\u00e9os<\/a><\/h3>\n<p><a href=\"https:\/\/nadeaubarlow.com\/category\/presse\/\"><img loading=\"lazy\" class=\"alignleft  wp-image-4294\" title=\"Presse\" alt=\"\" src=\"https:\/\/nadeaubarlow.com\/wp-content\/uploads\/2012\/03\/2012-03-13-Presse-Fr-300x247.png\" width=\"180\" height=\"148\" \/><\/a><a href=\"https:\/\/nadeaubarlow.com\/videos-fr\/\"><img loading=\"lazy\" class=\"alignleft  wp-image-4291\" title=\"Vid\u00e9os\" alt=\"\" src=\"https:\/\/nadeaubarlow.com\/wp-content\/uploads\/2012\/03\/2012-03-13-Videos-Fr-300x247.png\" width=\"180\" height=\"148\" \/><\/a><\/p>\n<p><strong>\u00a0<\/strong><\/p>\n<p>&nbsp;<\/p>\n<p>&nbsp;<\/p>\n<p>&nbsp;<\/p>\n<p>&nbsp;<\/p>\n<p>&nbsp;<\/p>\n<p><a href=\"https:\/\/nadeaubarlow.com\/wp-content\/uploads\/2012\/08\/Jean-Benoit-Nadeau-Julie-Barlow.jpg\" target=\"_blank\">T\u00e9l\u00e9charger photo de Jean-Beno\u00eet et Julie en haute r\u00e9solution \u00bb<\/a><\/p>\n<p><a href=\"https:\/\/nadeaubarlow.com\/wp-content\/uploads\/2012\/08\/Jean-Benoit-Nadeau.jpg\" target=\"_blank\">T\u00e9l\u00e9charger photo de Jean-Beno\u00eet en haute r\u00e9solution \u00bb<\/a><\/p>\n<p><a href=\"https:\/\/nadeaubarlow.com\/wp-content\/uploads\/2012\/08\/Julie-Barlow.jpeg\" target=\"_blank\">T\u00e9l\u00e9charger photo de Julie en haute r\u00e9solution \u00bb<\/a><\/p>\n<div><a href=\"https:\/\/nadeaubarlow.com\/wp-content\/uploads\/2013\/05\/The-Story-of-Spanish.png\" target=\"_blank\">T\u00e9l\u00e9charger Couverture du livre The Story of Spanish\u00a0(haute r\u00e9solution)\u00a0\u00bb<\/a><\/div>\n","protected":false},"excerpt":{"rendered":"<p>Renseignements sur les conf\u00e9rences\u00a0\u00bb Communiqu\u00e9s \u00a0 \u00a0 \u00a0 \u00a0 \u00a0Pr\u00e9sentations r\u00e9centes Revue de presse\u00a0 \u00a0 \u00a0 \u00a0Vid\u00e9os \u00a0 &nbsp; &nbsp; &nbsp; &nbsp; &nbsp; T\u00e9l\u00e9charger photo &#8230;<\/p>\n","protected":false},"author":2,"featured_media":4291,"parent":0,"menu_order":0,"comment_status":"open","ping_status":"closed","template":"","meta":[],"_links":{"self":[{"href":"https:\/\/nadeaubarlow.com\/fr\/wp-json\/wp\/v2\/pages\/4273"}],"collection":[{"href":"https:\/\/nadeaubarlow.com\/fr\/wp-json\/wp\/v2\/pages"}],"about":[{"href":"https:\/\/nadeaubarlow.com\/fr\/wp-json\/wp\/v2\/types\/page"}],"author":[{"embeddable":true,"href":"https:\/\/nadeaubarlow.com\/fr\/wp-json\/wp\/v2\/users\/2"}],"replies":[{"embeddable":true,"href":"https:\/\/nadeaubarlow.com\/fr\/wp-json\/wp\/v2\/comments?post=4273"}],"version-history":[{"count":19,"href":"https:\/\/nadeaubarlow.com\/fr\/wp-json\/wp\/v2\/pages\/4273\/revisions"}],"predecessor-version":[{"id":8661,"href":"https:\/\/nadeaubarlow.com\/fr\/wp-json\/wp\/v2\/pages\/4273\/revisions\/8661"}],"wp:featuredmedia":[{"embeddable":true,"href":"https:\/\/nadeaubarlow.com\/fr\/wp-json\/wp\/v2\/media\/4291"}],"wp:attachment":[{"href":"https:\/\/nadeaubarlow.com\/fr\/wp-json\/wp\/v2\/media?parent=4273"}],"curies":[{"name":"wp","href":"https:\/\/api.w.org\/{rel}","templated":true}]}}