{"id":422,"date":"2011-03-09T20:57:54","date_gmt":"2011-03-10T01:57:54","guid":{"rendered":"http:\/\/209.44.100.85\/?page_id=422"},"modified":"2012-08-27T10:45:27","modified_gmt":"2012-08-27T14:45:27","slug":"le-francais-quelle-histoire","status":"publish","type":"page","link":"https:\/\/nadeaubarlow.com\/fr\/le-francais-quelle-histoire\/","title":{"rendered":"Le fran\u00e7ais, quelle histoire!"},"content":{"rendered":"<p>Miracle : depuis 2000, le nombre de francophones dans le monde est pass\u00e9 de 200 \u00e0 220 millions en dix ans!<\/p>\n<p>Et si, contre toute attente, le fran\u00e7ais n\u2019avait pas dit son dernier mot ?<\/p>\n<p>Dans cette v\u00e9ritable biographie in\u00e9dite de la langue fran\u00e7aise, les auteurs, une Canadienne anglophone et un Qu\u00e9b\u00e9cois francophone, remettent les pendules \u00e0 l\u2019heure et font un sort \u00e0 quelques id\u00e9es re\u00e7ues.<\/p>\n<p>Leur r\u00e9cit fourmille d\u2019anecdotes et d\u2019informations passionnantes :<\/p>\n<ul class=\"clearboth\">\n<li>En France, \u00e0 la Renaissance, seulement un livre sur dix \u00e9tait publi\u00e9 en fran\u00e7ais.<\/li>\n<li>Au si\u00e8cle de Louis XIV, \u00e0 peine 20% de la population parlait le fran\u00e7ais.<\/li>\n<li>Le nombre de locuteurs du fran\u00e7ais a tripl\u00e9 depuis 1945 dans le monde.<\/li>\n<li>Le fran\u00e7ais est langue officielle dans 36 \u00c9tats.<\/li>\n<li>Un quart des professeurs de langue dans le monde (soit 2 millions d\u2019enseignants) enseignent le fran\u00e7ais \u00e0 plus de 100 millions d\u2019\u00e9l\u00e8ves.<\/li>\n<li>Six \u00e0 12 millions d\u2019Am\u00e9ricains parlent fran\u00e7ais. Tout comme la moiti\u00e9 de la population alg\u00e9rienne et 10 % de la population isra\u00e9lienne.<\/li>\n<li>14 des 27 \u00c9tats membres de l\u2019Union europ\u00e9enne font partie de la Francophonie.<\/li>\n<li>Depuis 1987, un laur\u00e9at du prix Goncourt sur cinq est francophone mais n\u2019a pas le fran\u00e7ais pour langue maternelle.<\/li>\n<li>Le fran\u00e7ais compte plus d\u2019un million de mots et en cr\u00e9e quelque 20 000 chaque ann\u00e9e.<\/li>\n<li>Depuis Guillaume le Conqu\u00e9rant, plus du tiers du vocabulaire de base anglais vient du fran\u00e7ais (ainsi, \u00ab pudding \u00bb est un d\u00e9tournement de \u00ab boudin \u00bb!).<\/li>\n<\/ul>\n<p>Premier grand succ\u00e8s d\u2019exportation linguistique apr\u00e8s l\u2019Empire romain, le fran\u00e7ais s\u2019est d\u00e9coupl\u00e9 il y a mille ans du destin de la France et son avenir a toujours \u00e9t\u00e9 celui d\u2019une langue internationale.<\/p>\n<p>Jamais autant de gens ne l\u2019ont parl\u00e9e qu\u2019aujourd\u2019hui. L\u2019univers des francophones est un m\u00e9tissage unique et fertile : la langue de Rabelais et Montaigne est devenue celle de Littell, Rahimi, Abdou Diouf, Mick Jagger, Jodie Foster ou Sigourney Weaver.<\/p>\n<p>Observateurs polyglottes attentifs, les auteurs ont parcouru les cinq continents pour documenter cette formidable aventure. N\u2019en d\u00e9plaise aux tribuns du \u00ab d\u00e9clinisme \u00bb, le fran\u00e7ais (quelle histoire!) a encore de beaux chapitres devant lui.<\/p>\n<p>Le fran\u00e7ais, quelle histoire! a\u00a0remport\u00e9\u00a0<a href=\"https:\/\/nadeaubarlow.com\/lacademie-des-sciences-doutre-mer\/\" target=\"_blank\">le prix La Renaissance Fran\u00e7aise<\/a>\u00a0de\u00a0<a href=\"http:\/\/www.academieoutremer.fr\/index.php?option=com_content&amp;view=category&amp;id=26&amp;Itemid=31\" target=\"_blank\">L\u2019Acad\u00e9mie des Sciences d\u2019Outre-Mer<\/a>\u00a0\u00e0 Paris en 2011.<\/p>\n","protected":false},"excerpt":{"rendered":"<p>Miracle : depuis 2000, le nombre de francophones dans le monde est pass\u00e9 de 200 \u00e0 220 millions en dix ans! Et si, contre toute &#8230;<\/p>\n","protected":false},"author":4,"featured_media":127,"parent":0,"menu_order":0,"comment_status":"closed","ping_status":"closed","template":"","meta":[],"_links":{"self":[{"href":"https:\/\/nadeaubarlow.com\/fr\/wp-json\/wp\/v2\/pages\/422"}],"collection":[{"href":"https:\/\/nadeaubarlow.com\/fr\/wp-json\/wp\/v2\/pages"}],"about":[{"href":"https:\/\/nadeaubarlow.com\/fr\/wp-json\/wp\/v2\/types\/page"}],"author":[{"embeddable":true,"href":"https:\/\/nadeaubarlow.com\/fr\/wp-json\/wp\/v2\/users\/4"}],"replies":[{"embeddable":true,"href":"https:\/\/nadeaubarlow.com\/fr\/wp-json\/wp\/v2\/comments?post=422"}],"version-history":[{"count":10,"href":"https:\/\/nadeaubarlow.com\/fr\/wp-json\/wp\/v2\/pages\/422\/revisions"}],"predecessor-version":[{"id":6485,"href":"https:\/\/nadeaubarlow.com\/fr\/wp-json\/wp\/v2\/pages\/422\/revisions\/6485"}],"wp:featuredmedia":[{"embeddable":true,"href":"https:\/\/nadeaubarlow.com\/fr\/wp-json\/wp\/v2\/media\/127"}],"wp:attachment":[{"href":"https:\/\/nadeaubarlow.com\/fr\/wp-json\/wp\/v2\/media?parent=422"}],"curies":[{"name":"wp","href":"https:\/\/api.w.org\/{rel}","templated":true}]}}