{"id":414,"date":"2011-03-09T16:35:41","date_gmt":"2011-03-09T21:35:41","guid":{"rendered":"http:\/\/209.44.100.85\/?page_id=414"},"modified":"2014-03-10T15:43:08","modified_gmt":"2014-03-10T19:43:08","slug":"les-francais-aussi-ont-un-accent","status":"publish","type":"page","link":"https:\/\/nadeaubarlow.com\/fr\/les-francais-aussi-ont-un-accent\/","title":{"rendered":"Les Fran\u00e7ais aussi ont un accent"},"content":{"rendered":"<p>Voici, en vingt-deux chapitres hilarants et lumineux, le r\u00e9cit des d\u00e9couvertes et des coups de gueule d&rsquo;un Qu\u00e9b\u00e9cois en France : comment il va devenir le soixante-septi\u00e8me miracul\u00e9 de Lourdes, prouver math\u00e9matiquement l&rsquo;existence de Jos\u00e9 Bov\u00e9, percer le myst\u00e8re de la crotte de chien \u00e0 Paris, c\u00e9l\u00e9brer Halloween \u00e0 la normande, changer de mill\u00e9naire par trois fois.<\/p>\n<p>Bien qu&rsquo;originaire de l&rsquo;Am\u00e9rique des grands froids, lui n&rsquo;est pas venu restaurer une maison en Provence. Il avait mieux \u00e0 faire. Sa mission impossible : d\u00e9couvrir si les Fran\u00e7ais r\u00e9sistent \u00e0 la mondialisation. Aussi porte-t-il sur leur pays le regard d&rsquo;un anthropologue d\u00e9barquant chez les Yanomanis de l&rsquo;Amazonie inf\u00e9rieure. A cette diff\u00e9rence pr\u00e8s que la France n&rsquo;est pas l&rsquo;Amazonie et que l&rsquo;auteur n&rsquo;est pas un journaliste comme les autres.<\/p>\n","protected":false},"excerpt":{"rendered":"<p>Voici, en vingt-deux chapitres hilarants et lumineux, le r\u00e9cit des d\u00e9couvertes et des coups de gueule d&rsquo;un Qu\u00e9b\u00e9cois en France : comment il va devenir &#8230;<\/p>\n","protected":false},"author":3,"featured_media":311,"parent":0,"menu_order":0,"comment_status":"closed","ping_status":"closed","template":"","meta":[],"_links":{"self":[{"href":"https:\/\/nadeaubarlow.com\/fr\/wp-json\/wp\/v2\/pages\/414"}],"collection":[{"href":"https:\/\/nadeaubarlow.com\/fr\/wp-json\/wp\/v2\/pages"}],"about":[{"href":"https:\/\/nadeaubarlow.com\/fr\/wp-json\/wp\/v2\/types\/page"}],"author":[{"embeddable":true,"href":"https:\/\/nadeaubarlow.com\/fr\/wp-json\/wp\/v2\/users\/3"}],"replies":[{"embeddable":true,"href":"https:\/\/nadeaubarlow.com\/fr\/wp-json\/wp\/v2\/comments?post=414"}],"version-history":[{"count":4,"href":"https:\/\/nadeaubarlow.com\/fr\/wp-json\/wp\/v2\/pages\/414\/revisions"}],"predecessor-version":[{"id":5128,"href":"https:\/\/nadeaubarlow.com\/fr\/wp-json\/wp\/v2\/pages\/414\/revisions\/5128"}],"wp:featuredmedia":[{"embeddable":true,"href":"https:\/\/nadeaubarlow.com\/fr\/wp-json\/wp\/v2\/media\/311"}],"wp:attachment":[{"href":"https:\/\/nadeaubarlow.com\/fr\/wp-json\/wp\/v2\/media?parent=414"}],"curies":[{"name":"wp","href":"https:\/\/api.w.org\/{rel}","templated":true}]}}