{"id":412,"date":"2011-03-09T16:34:37","date_gmt":"2011-03-09T21:34:37","guid":{"rendered":"http:\/\/209.44.100.85\/?page_id=412"},"modified":"2014-03-10T15:42:34","modified_gmt":"2014-03-10T19:42:34","slug":"ecrire-pour-vivre","status":"publish","type":"page","link":"https:\/\/nadeaubarlow.com\/fr\/ecrire-pour-vivre\/","title":{"rendered":"\u00c9crire pour vivre &#8211; Conseils pratiques \u00e0 ceux qui r\u00eavent de vivre pour \u00e9crire"},"content":{"rendered":"<p>Oui, on peut gagner sa cro\u00fbte comme auteur, journaliste ou r\u00e9dacteur et \u00eatre publi\u00e9 \u00e0 New York, Paris, Londres ou Amsterdam. Affaire de chance? Pas vraiment. Le tout est de savoir s&rsquo;y prendre et d&rsquo;avoir un peu d&rsquo;ambition.<\/p>\n<p>\u00c9crit sur un ton humoristique et dans un style vivant, \u00c9crire pour vivre est un guide pratique truff\u00e9 d&rsquo;exemples r\u00e9els, v\u00e9cus et pertinents. Dans la bonne humeur et sans pudeur, Jean-Beno\u00eet Nadeau y raconte ses erreurs, ses bons coups et ceux des autres, en se basant sur vingt ans d&rsquo;exp\u00e9rience professionnelle comme journaliste \u00e0 L\u2019actualit\u00e9 et auteur de best-sellers internationaux.<\/p>\n<p>Un indispensable pour ceux qui d\u00e9sirent vivre de leur plume.<\/p>\n<p>Dans \u00c9crire pour vivre, Jean-Beno\u00eet Nadeau d\u00e9mythifie l&rsquo;univers de l&rsquo;\u00e9dition et du magazine, et dresse le b.a-ba des trucs du m\u00e9tier. V\u00e9ritable passerelle entre le monde du livre et celui de la presse, ce guide pratique clarifie le processus de cr\u00e9ation du d\u00e9but \u00e0 la fin.<\/p>\n<ul>\n<li>Comment trouver la bonne id\u00e9e et la formuler?<\/li>\n<li>Comment en reconna\u00eetre le potentiel?<\/li>\n<li>Comment tirer parti du droit d\u2019auteur?<\/li>\n<li>Comment n\u00e9gocier?<\/li>\n<li>Comment \u00eatre \u00e0 la hauteur des attentes?<\/li>\n<li>Comment durer et endurer?<\/li>\n<li>Comment amorcer le bouche-\u00e0-oreille?<\/li>\n<\/ul>\n<p>Prenant \u00e0 rebours la plupart des lieux communs sur l&rsquo;\u00e9criture, l&rsquo;auteur d\u00e9montre que les journalistes et les auteurs en herbe doivent se poser tr\u00e8s t\u00f4t la question des publics auxquels leur projet s&rsquo;adressera afin de bien saisir les dimensions r\u00e9elles de leur id\u00e9e, et toutes ses ressources.<\/p>\n<p>Premier livre de conseils pratiques qui s\u2019adresse \u00e0 la fois aux journalistes et aux \u00e9crivains, \u00c9crire pour vivre s&rsquo;adresse \u00e0 tous ceux qui veulent non seulement \u00e9crire pour \u00e9crire, et qui r\u00e9ponde v\u00e9ritablement \u00e0 leur besoin.<\/p>\n","protected":false},"excerpt":{"rendered":"<p>Oui, on peut gagner sa cro\u00fbte comme auteur, journaliste ou r\u00e9dacteur et \u00eatre publi\u00e9 \u00e0 New York, Paris, Londres ou Amsterdam. Affaire de chance? Pas &#8230;<\/p>\n","protected":false},"author":3,"featured_media":309,"parent":0,"menu_order":0,"comment_status":"closed","ping_status":"closed","template":"","meta":[],"_links":{"self":[{"href":"https:\/\/nadeaubarlow.com\/fr\/wp-json\/wp\/v2\/pages\/412"}],"collection":[{"href":"https:\/\/nadeaubarlow.com\/fr\/wp-json\/wp\/v2\/pages"}],"about":[{"href":"https:\/\/nadeaubarlow.com\/fr\/wp-json\/wp\/v2\/types\/page"}],"author":[{"embeddable":true,"href":"https:\/\/nadeaubarlow.com\/fr\/wp-json\/wp\/v2\/users\/3"}],"replies":[{"embeddable":true,"href":"https:\/\/nadeaubarlow.com\/fr\/wp-json\/wp\/v2\/comments?post=412"}],"version-history":[{"count":8,"href":"https:\/\/nadeaubarlow.com\/fr\/wp-json\/wp\/v2\/pages\/412\/revisions"}],"predecessor-version":[{"id":432,"href":"https:\/\/nadeaubarlow.com\/fr\/wp-json\/wp\/v2\/pages\/412\/revisions\/432"}],"wp:featuredmedia":[{"embeddable":true,"href":"https:\/\/nadeaubarlow.com\/fr\/wp-json\/wp\/v2\/media\/309"}],"wp:attachment":[{"href":"https:\/\/nadeaubarlow.com\/fr\/wp-json\/wp\/v2\/media?parent=412"}],"curies":[{"name":"wp","href":"https:\/\/api.w.org\/{rel}","templated":true}]}}