{"id":410,"date":"2011-03-09T16:33:36","date_gmt":"2011-03-09T21:33:36","guid":{"rendered":"http:\/\/209.44.100.85\/?page_id=410"},"modified":"2012-05-15T13:51:48","modified_gmt":"2012-05-15T17:51:48","slug":"le-guide-du-travailleur-autonome","status":"publish","type":"page","link":"https:\/\/nadeaubarlow.com\/fr\/le-guide-du-travailleur-autonome\/","title":{"rendered":"Le Guide du travailleur autonome, 2e \u00e9dition &#8211; Tout pour faire carri\u00e8re chez soi"},"content":{"rendered":"<p><em>\u00ab\u00a0Les Bombardier et les Ford de ce monde n\u2019\u00e9taient au d\u00e9part que simples travailleurs autonomes!\u00a0\u00bb<\/em><\/p>\n<p>Voil\u00e0 l\u2019id\u00e9e ma\u00eetresse de ce best-seller, qui nous rappelle que ceux qui gagnent 250 000\u00a0$ par an ne travaillent pas dix fois plus que ceux qui en gagnent 25 000\u00a0$. Ils font les choses diff\u00e9remment\u00a0: mieux.<\/p>\n<p>V\u00e9ritable antidote au mythe de la pr\u00e9carit\u00e9, ce guide pratique vous explique\u00a0:<\/p>\n<ul class=\"clearboth\">\n<li style=\"text-align: left;\">Que c\u2019est vous, le patron;<\/li>\n<li style=\"text-align: left;\">Que le client n\u2019a pas toujours raison;<\/li>\n<li style=\"text-align: left;\">Qu\u2019un contrat verbal est parfaitement l\u00e9gal;<\/li>\n<li style=\"text-align: left;\">Que la TPS est bonne pour vous;<\/li>\n<li style=\"text-align: left;\">Et que l\u2019on doit dire non plus souvent que oui!<\/li>\n<\/ul>\n<p>Anecdotes, conseils, informations et exemples \u2013 tout y passe. De la recherche d\u2019id\u00e9es aux assurances, en passant par les brevets, le droit d\u2019auteur, les techniques de vente, de publicit\u00e9 et de n\u00e9gociation, et m\u00eame la \u00ab\u00a0poutine\u00a0\u00bb administrative.<\/p>\n<p>D\u00e9fiant les id\u00e9es re\u00e7ues, Le Guide du travailleur autonome vous explique comment \u00e9viter les pi\u00e8ges du \u00ab\u00a0plan d&rsquo;enfer\u00a0\u00bb et des assurances inutiles. En prime, vous apprendrez comment mettre de l\u2019ordre dans vos affaires, convaincre votre banquier, cr\u00e9er votre compagnie et pr\u00e9parer vos vacances.<\/p>\n<p>Indispensable bo\u00eete \u00e0 outils destin\u00e9e aux pigistes en tous genres,\u00a0Le Guide du travailleur autonome est parfaitement adapt\u00e9 aux besoins du travailleur d&rsquo;aujourd&rsquo;hui.<\/p>\n<p>Un ouvrage complet, simple et pratique qui renferme une bonne dose d&rsquo;humour.<\/p>\n<p>Un v\u00e9ritable compagnon de route pour le d\u00e9butant et une mine de conseils pr\u00e9cieux pour le vieux routier.<\/p>\n","protected":false},"excerpt":{"rendered":"<p>\u00ab\u00a0Les Bombardier et les Ford de ce monde n\u2019\u00e9taient au d\u00e9part que simples travailleurs autonomes!\u00a0\u00bb Voil\u00e0 l\u2019id\u00e9e ma\u00eetresse de ce best-seller, qui nous rappelle que &#8230;<\/p>\n","protected":false},"author":4,"featured_media":310,"parent":0,"menu_order":0,"comment_status":"closed","ping_status":"closed","template":"","meta":[],"_links":{"self":[{"href":"https:\/\/nadeaubarlow.com\/fr\/wp-json\/wp\/v2\/pages\/410"}],"collection":[{"href":"https:\/\/nadeaubarlow.com\/fr\/wp-json\/wp\/v2\/pages"}],"about":[{"href":"https:\/\/nadeaubarlow.com\/fr\/wp-json\/wp\/v2\/types\/page"}],"author":[{"embeddable":true,"href":"https:\/\/nadeaubarlow.com\/fr\/wp-json\/wp\/v2\/users\/4"}],"replies":[{"embeddable":true,"href":"https:\/\/nadeaubarlow.com\/fr\/wp-json\/wp\/v2\/comments?post=410"}],"version-history":[{"count":9,"href":"https:\/\/nadeaubarlow.com\/fr\/wp-json\/wp\/v2\/pages\/410\/revisions"}],"predecessor-version":[{"id":5131,"href":"https:\/\/nadeaubarlow.com\/fr\/wp-json\/wp\/v2\/pages\/410\/revisions\/5131"}],"wp:featuredmedia":[{"embeddable":true,"href":"https:\/\/nadeaubarlow.com\/fr\/wp-json\/wp\/v2\/media\/310"}],"wp:attachment":[{"href":"https:\/\/nadeaubarlow.com\/fr\/wp-json\/wp\/v2\/media?parent=410"}],"curies":[{"name":"wp","href":"https:\/\/api.w.org\/{rel}","templated":true}]}}