{"id":3977,"date":"2012-02-09T12:18:35","date_gmt":"2012-02-09T17:18:35","guid":{"rendered":"http:\/\/nadeaubarlow.com\/?page_id=3977"},"modified":"2013-11-02T12:42:30","modified_gmt":"2013-11-02T16:42:30","slug":"presentations-recentes","status":"publish","type":"page","link":"https:\/\/nadeaubarlow.com\/fr\/contactez-nous\/presentations-recentes\/","title":{"rendered":"Pr\u00e9sentations r\u00e9centes"},"content":{"rendered":"<p><a href=\"https:\/\/nadeaubarlow.com\/category\/presentations-recentes\/\" target=\"_blank\"><img loading=\"lazy\" class=\"wp-image-4293 aligncenter\" style=\"border-image: initial; border-width: 1px; border-color: #5e7387; border-style: solid;\" title=\"Pr\u00e9sentations r\u00e9centes\" alt=\"\" src=\"https:\/\/nadeaubarlow.com\/wp-content\/uploads\/2012\/03\/2012-03-13-Presentations-Recentes-Fr-300x247.png\" width=\"180\" height=\"148\" \/><\/a><\/p>\n<ul>\n<li><b>Augsburg, Allemagne, le 31 octobre 2013\u00a0<\/b>:\u00a0<a href=\"http:\/\/pages.usherbrooke.ca\/ilpe2013\/index.html\" target=\"_blank\">Colloque sur les id\u00e9ologies linguistiques dans la presse \u00e9crite\u00a0: exemple des langues romanes<\/a>.\u00a0<b>Jean-Beno\u00eet Nadeau<\/b>\u00a0\u2013 Regards crois\u00e9s\u00a0:\u00a0<a href=\"https:\/\/nadeaubarlow.com\/wp-content\/uploads\/2013\/10\/2013-08-19-Programme-Augsburg.pdf\" target=\"_blank\">Espagnol \u00aburgent\u00bb et fran\u00e7ais \u00abtranquille\u00bb<\/a><b>\u00a0<\/b><\/li>\n<li><b>San Antonio, le 8 juillet 2013\u00a0<\/b>:\u00a0<a href=\"http:\/\/www.aatsp.org\/?page=2013conference\" target=\"_blank\">95e Conf\u00e9rence annuelle de L&rsquo;Association am\u00e9ricaine des professeurs d&rsquo;espagnol et de portugais<\/a>.\u00a0<b>Jean-Beno\u00eet Nadeau<\/b>\u00a0\u2013 Conf\u00e9rence\u00a0: The Story of Spanish Charts the Complex Origins of the Spanish and its Meteoric Rise to One of the World&rsquo;s Most-Spoken Languages (Anglais)<\/li>\n<\/ul>\n<p>&nbsp;<\/p>\n<ul>\n<li><b>Montr\u00e9al<\/b><b>, le 13 juin 2013\u00a0<\/b>:\u00a0<a href=\"https:\/\/nadeaubarlow.com\/wp-content\/uploads\/2011\/03\/2013-05-29-SOS-MTL-Launch-FR-Evite.jpg\">Librairie Paragraphe<\/a>.\u00a0<b>Jean-Beno\u00eet Nadeau et Julie Barlow\u00a0<\/b>discuteront de leur nouveau livre, The Story of Spanish (Anglais)<\/li>\n<\/ul>\n<p>&nbsp;<\/p>\n<ul>\n<li><b>Longueuil, May 25, 2013<\/b>:\u00a0<a href=\"http:\/\/atamesl.org\/congres2013.html\" target=\"_blank\">1er Congr\u00e8s des langagiers<\/a>.\u00a0<b>Jean-Beno\u00eet Nadeau<\/b>\u00a0\u2013 Conf\u00e9rence:\u00a0<a href=\"http:\/\/atamesl.org\/images\/_atamesl\/documents_public\/programme_horaire_samedi_dimanche_final.pdf\" target=\"_blank\">\u00ab\u00a0Organisation du travail et gestion des affaires \u00bb<\/a><\/li>\n<\/ul>\n<p>&nbsp;<\/p>\n<ul>\n<li><b>Washington, le 23 mai 2013\u00a0<\/b>:\u00a0<a href=\"http:\/\/dc.linktank.com\/event\/book_launch_the_story_of_spanish#.UYf2zisjqp0\" target=\"_blank\">Institute of Current World Affairs<\/a>.\u00a0<b>Jean-Beno\u00eet Nadeau et Julie Barlow\u00a0<\/b>discutent de leur nouveau livre, The Story of Spanish (Anglais)<\/li>\n<\/ul>\n<p>&nbsp;<\/p>\n<ul>\n<li><b>Washington, le 22 mai 2013\u00a0<\/b>: Ambassade d&rsquo;Espagne \u00e0 Washington<a href=\"http:\/\/www.spainculture.us\/calendar\/876\/\" target=\"_blank\">Lancement de livre\u00a0: The Story of Spanish\u00a0<\/a>(Anglais).\u00a0<a href=\"http:\/\/d19cgyi5s8w5eh.cloudfront.net\/eml\/31Z9V72U-1029-4V41-8YUU-65714ZXUXU55?e=cristina.ruiz%40maec.es&amp;a=9060240U-ZW19-4034-ZW9Z-ZX87YW06282Y&amp;f=&amp;t=1\" target=\"_blank\">L&rsquo;invitation \u00bb<\/a><\/li>\n<\/ul>\n<p>&nbsp;<\/p>\n<ul>\n<li><b>New York<\/b><b>, le 21 mai 2013<\/b>\u00a0: L\u2019Institut Cervantes.\u00a0<a href=\"http:\/\/nyork.cervantes.es\/FichasCultura\/Ficha88694_27_2.htm\" target=\"_blank\">Lancement de livre\u00a0: The Story of Spanish<\/a>\u00a0(Anglais)<\/li>\n<\/ul>\n<p>&nbsp;<\/p>\n<ul>\n<li><b>Montr\u00e9al, le 13 avril 2013<\/b>\u00a0: La FPJQ section Qu\u00e9bec. <b>Jean-Beno\u00eet Nadeau<\/b>\u00a0donne une journ\u00e9e de formation\u00a0:\u00a0<a href=\"http:\/\/www.fpjq.org\/index.php?id=48&amp;tx_ttnews[pS]=1364929537&amp;tx_ttnews[pointer]=1&amp;tx_ttnews[tt_news]=34601&amp;tx_ttnews[backPid]=49&amp;cHash=8b1cb7d572\">\u00ab\u00a0Faire carri\u00e8re \u00e0 la pige \u00bb<\/a><\/li>\n<\/ul>\n<p>&nbsp;<\/p>\n<ul>\n<li><b>Montr\u00e9al, le 23 mars 2013\u00a0<\/b>:<b>\u00a0<\/b>Quebec Writers\u2019 Federation. <b>Julie Barlow\u00a0<\/b>\u2013 Atelier : The Pitch of your Life : <a href=\"http:\/\/www.qwf.org\/workshops\/spring2013\/barlow.html\" target=\"_blank\">\u00ab\u00a0How to Write, Sell and Market Non-Fiction Books \u00bb<\/a>\u00a0(anglais)<b><br \/>\n<\/b><\/li>\n<\/ul>\n<p>&nbsp;<\/p>\n<ul>\n<li><b>Bruxelles, le 21 mars 2013<\/b>\u00a0:\u00a0<a href=\"http:\/\/www.mrifce.gouv.qc.ca\/portail\/_scripts\/actualites\/viewnew.asp?NewID=12094&amp;strIdSite=bru&amp;lang=fr\" target=\"_blank\">Parlement Europ\u00e9en<\/a>. <b>Jean-Beno\u00eet Nadeau<\/b>\u00a0\u2013 \u00c9changes avec membres du Parlement sur th\u00e8me : <a href=\"https:\/\/nadeaubarlow.com\/wp-content\/uploads\/2013\/03\/2013-03-11-Bruxelles-L-Europe-le-marche-aux-langues.pdf\" target=\"_blank\">\u00ab l\u2019Europe, le march\u00e9 aux langues \u00bb<\/a><\/li>\n<\/ul>\n<p>&nbsp;<\/p>\n<ul>\n<li><b>Bruxelles, le 19 mars 2013<\/b>\u00a0: l\u2019Alliance Fran\u00e7aise d\u2019Anvers. <b>Jean-Beno\u00eet Nadeau<\/b>\u00a0\u2013 Conf\u00e9rence :\u00a0<a href=\"https:\/\/nadeaubarlow.com\/wp-content\/uploads\/2013\/03\/2013-03-06-Le-francais-quelle-histoire-Communique.pdf\" target=\"_blank\">\u00ab\u00a0La culture de la langue \u00bb<\/a><\/li>\n<\/ul>\n<p>&nbsp;<\/p>\n<ul>\n<li><b>Halifax, le 15 mars 2013\u00a0<\/b>: l\u2019Alliance Fran\u00e7aise d\u2019Halifax. <b>Julie Barlow<\/b>\u00a0\u2013 Conf\u00e9rence :\u00a0<a href=\"http:\/\/www.afhalifax.ca\/culturalcentre\/?p=10806\" target=\"_blank\">\u00ab\u00a0Il n\u2019y a pas de d\u00e9clin de la langue fran\u00e7aise \u00bb<\/a><b><br \/>\n<\/b><\/li>\n<\/ul>\n<p>&nbsp;<\/p>\n<ul>\n<li><strong>Montr\u00e9al, le 11 d\u00e9cembre 2012<\/strong> : La FPJQ section Qu\u00e9bec. <strong>Jean-Beno\u00eet Nadeau<\/strong> \u2013 Atelier :\u00a0\u00ab <a href=\"http:\/\/www.fpjq.org\/index.php?id=48&amp;tx_ttnews%5Btt_news%5D=32991&amp;tx_ttnews%5BbackPid%5D=1&amp;cHash=7d05a00d3d\">Comment transformer son reportage en livre<\/a> \u00bb<\/li>\n<\/ul>\n<p>&nbsp;<\/p>\n<ul>\n<li><strong>Montr\u00e9al, le 2 oct. au 20 nov. 2012 :\u00a0<\/strong><a href=\"http:\/\/www.qwf.org\/workshops\/fall2012\/barlow.html\" target=\"_blank\">QWF<\/a>\u00a0 (Quebec Writers\u2019 Federation).\u00a0<strong>Julie Barlow<\/strong>\u00a0\u2013 Atelier d&rsquo;\u00e9criture\u00a0: \u00ab\u00a0<a href=\"https:\/\/nadeaubarlow.com\/en\/from-paper-to-paycheck-what-every-writer-needs-to-know-about-marketing\/\" target=\"_blank\">Ce que tous les \u00e9crivains devraient savoir sur le marketing<\/a>\u00a0\u00bb (ANG)<\/li>\n<\/ul>\n<p>&nbsp;<\/p>\n<ul>\n<li><strong>Saint-Sauveur, le 16 novembre 2012<\/strong>\u00a0: La FPJQ section Qu\u00e9bec.\u00a0<strong>Jean-Beno\u00eet Nadeau<\/strong>\u00a0donne une journ\u00e9e de formation\u00a0:\u00a0<a href=\"http:\/\/fpjq.org\/index.php?id=841\" target=\"_blank\">\u00ab\u00a0Faire carri\u00e8re \u00e0 la pige \u00bb<\/a><\/li>\n<\/ul>\n<p>&nbsp;<\/p>\n<ul>\n<li><strong>Nouvelle-Cal\u00e9donie, le 17 octobre 2012<\/strong>\u00a0:\u00a0<a href=\"https:\/\/nadeaubarlow.com\/wp-content\/uploads\/2012\/09\/2012-09-26-Francocotier-Le-5e-Forum-Francophone-du-Pacifique.pdf\" target=\"_blank\">Le 5e Forum Francophone du Pacifique<\/a>.\u00a0<strong>Jean-Beno\u00eet Nadeau<\/strong>\u00a0\u2013 Conf\u00e9rence et d\u00e9dicaces\u00a0:\u00a0<a href=\"https:\/\/nadeaubarlow.com\/wp-content\/uploads\/2012\/09\/2012-09-26-Le-5e-Forum-Francophone-du-Pacifique.pdf\" target=\"_blank\">\u00ab\u00a0Pour en finir avec la th\u00e9orie du d\u00e9clin\u00a0: le fran\u00e7ais va bien \u00bb<\/a><\/li>\n<\/ul>\n<p>&nbsp;<\/p>\n<ul>\n<li><strong>Victoriaville<\/strong><strong>, le 17 septembre 2012<\/strong>\u00a0: C\u00e9gep de Victoriaville.\u00a0<strong>Jean-Beno\u00eet Nadeau\u00a0<\/strong>\u2013\u00a0Conf\u00e9rence-atelier: \u00ab\u00a0le d\u00e9fi d&rsquo;une recherche efficace \u00bb<\/li>\n<\/ul>\n<p>&nbsp;<\/p>\n<ul>\n<li><strong>Washington, le 1 juin 2012:\u00a0<\/strong><a href=\"http:\/\/www.icwa.org\/index.asp\" target=\"_blank\">ICWA<\/a>\u00a0(Institute of Current World Affairs).\u00a0<strong>Jean-Beno\u00eet Nadeau<\/strong>\u2013 S\u00e9ance de d\u00e9dicace<\/li>\n<\/ul>\n<p>&nbsp;<\/p>\n<ul>\n<li><strong>Le web, du 23 au 25 avril 2012<\/strong>\u00a0: La F\u00e9d\u00e9ration professionnelle des journalistes du Qu\u00e9bec.\u00a0<strong>Jean-Beno\u00eet Nadeau<\/strong>\u00a0donne une \u00a0<a href=\"https:\/\/nadeaubarlow.com\/faire-carriere-a-la-pige\/\" target=\"_blank\">formation interactive<\/a> sur le web\u00a0:\u00a0<\/li>\n<\/ul>\n<p>&nbsp;<\/p>\n<ul>\n<li><strong>Saint John, le 21 avril 2012 :\u00a0<\/strong><a href=\"http:\/\/www.pwacswnb.ca\/\" target=\"_blank\">Professional Writers\u2019 Association of Canada<\/a>, section Sud-Ouest le Nouveau-Brunswick.\u00a0<strong>Julie Barlow<\/strong>\u2013 Conf\u00e9renci\u00e8re :\u00a0<a href=\"http:\/\/www.pwacswnb.ca\/events.htm\" target=\"_blank\">\u00ab Comment\u00a0r\u00e9diger une proposition de livre \u00bb<\/a>\u00a0(ANG)<\/li>\n<\/ul>\n<p>&nbsp;<\/p>\n<ul>\n<li><strong>Montr\u00e9al, le 19 avril 2012\u00a0:\u00a0<\/strong><a href=\"http:\/\/www.reviseurs.ca\/fr\/sections\/rqa\/seminaires\/index.html\" target=\"_blank\">l\u2019Association canadienne des r\u00e9viseurs<\/a>.\u00a0<strong>Jean-Beno\u00eet Nadeau<\/strong>\u2013 S\u00e9minaire de trois heures\u00a0:\u00a0<a href=\"http:\/\/www.gifttool.com\/registrar\/ShowEventDetails?ID=1333&amp;EID=11970\" target=\"_blank\">\u00ab\u00a0En terrain solide \u00bb<\/a><strong>\u00a0 \u00a0 \u00a0 \u00a0 \u00a0 \u00a0 \u00a0\u00a0<\/strong><\/li>\n<\/ul>\n<p>&nbsp;<\/p>\n<ul>\n<li><strong>Qu\u00e9bec, le 31 mars 2012<\/strong>: .\u00a0<strong>Jean-Beno\u00eet Nadeau<\/strong>\u00a0donne une journ\u00e9e de formation\u00a0: <a href=\"https:\/\/nadeaubarlow.com\/formation-sur-le-journalisme-a-la-pige\/\" target=\"_blank\">\u00ab\u00a0Faire carri\u00e8re \u00e0 la pige \u00bb<\/a><\/li>\n<\/ul>\n<p>&nbsp;<\/p>\n<ul>\n<li><strong>Montr\u00e9al, le 29 f\u00e9vrier 2012\u00a0<\/strong>:\u00a0<a href=\"http:\/\/www.amwa-canada.ca\/index.asp\" target=\"_blank\">The American Medical Writers Association<\/a>.\u00a0<strong>Jean-Beno\u00eet Nadeau<\/strong>\u00a0\u2013 Conf\u00e9rencier: \u00ab \u00c9crire pour vivre \u00bb (ANG)<\/li>\n<\/ul>\n<p>&nbsp;<\/p>\n<ul>\n<li><strong>Montr\u00e9al,\u00a0le 18 janvier, 2012<\/strong>\u00a0: <a href=\"https:\/\/nadeaubarlow.com\/en\/thriving-as-a-book-author-in-the-electronic-age\/\" target=\"_blank\">Association canadienne des r\u00e9viseurs<\/a>.\u00a0<strong>Julie Barlow\u00a0<\/strong>\u2013 Conf\u00e9renci\u00e8re\u00a0: \u00ab Se tailler une place comme auteure de livres \u00e0 l&rsquo;\u00e8re de l&rsquo;\u00e9lectronique \u00bb (ANG)<\/li>\n<\/ul>\n<p>&nbsp;<\/p>\n<ul>\n<li><strong>Montr\u00e9al, le 9 d\u00e9cembre 2011 <\/strong>: <a href=\"https:\/\/nadeaubarlow.com\/en\/becoming-an-artist\/\" target=\"_blank\">The English-Language Arts Network of Quebec<\/a>.\u00a0<strong>Julie Barlow<\/strong>\u00a0\u2013 Participante \u00e0 la table ronde\u00a0: \u00ab<a href=\"https:\/\/nadeaubarlow.com\/en\/becoming-an-artist-a-montreal-how-to\/\" target=\"_blank\"> Becoming an Artist: A Montreal How-To<\/a> \u00bb (ANG)<\/li>\n<\/ul>\n<p>&nbsp;<\/p>\n<ul>\n<li><strong>Paris, le 19 octobre 2011<\/strong> : <a href=\"https:\/\/nadeaubarlow.com\/debat-a-paris-jean-benoit-nadeau-vis-a-vis-donald-morrison\/\" target=\"_blank\">\u00c9tats g\u00e9n\u00e9raux de la promotion de la langue fran\u00e7aise<\/a>. <strong>Jean-Beno\u00eet Nadeau<\/strong> \u2013 D\u00e9bat avec Donald Morrisson : \u00ab\u00a0Le fran\u00e7ais, atout ou obstacle au rayonnement international?\u00a0\u00bb<\/li>\n<\/ul>\n<p>&nbsp;<\/p>\n<ul>\n<li><strong>Montr\u00e9al,<\/strong> <strong>le 1er octobre 2011 <\/strong>: <a href=\"https:\/\/nadeaubarlow.com\/en\/october-1st-2011-pwac-reads-julie-barlow-reads-from-the-story-of-french\/\" target=\"_blank\">PWAC Reads!<\/a> (<em>Professional Writers Association of Canada<\/em>).\u00a0<strong>Julie Barlow<\/strong>\u00a0\u2013 <a href=\"https:\/\/nadeaubarlow.com\/en\/julie-barlow-reads-a-passage-from-the-story-of-french\/\" target=\"_blank\">S\u00e9ance de lecture<\/a> (et d\u00e9dicace) parmi les auteures Beverly Akerman, Olivia Kona, Eve Krakow et Heather Grace Stewart.\u00a0Librairie Paragraphe. (ANG)<\/li>\n<\/ul>\n<p>&nbsp;<\/p>\n<div>\n<ul>\n<li><strong>Washington DC<\/strong>,\u00a0<strong>le 6 juillet 2011<\/strong>:\u00a0<a href=\"http:\/\/www.aatsp.org\/\" target=\"_blank\">Conf\u00e9rence au congr\u00e8s de l&rsquo;American Association of Teachers of Spanish and Portuguese<\/a>.\u00a0<strong>Julie Barlow<\/strong>\u00a0\u2013 Parle de<em>\u00a0The Story of Spanish\u00a0<\/em>(L\u2019histoire de l\u2019espagnol)\u00a0(ANG)<\/li>\n<\/ul>\n<p>&nbsp;<\/p>\n<div>\n<ul>\n<li><strong>Montr\u00e9al<\/strong>,\u00a0<strong>le 7 juillet 2011<\/strong>:\u00a0<a href=\"http:\/\/www.frenchteachers.org\/\" target=\"_blank\">Conf\u00e9rence au congr\u00e8s de l&rsquo;American Association of Teachers of French<\/a>.\u00a0<strong>Jean-Beno\u00eet Nadeau<\/strong>\u00a0\u2013\u00a0Conf\u00e9rencier : \u00ab\u00a0<a href=\"http:\/\/youtu.be\/pk9lKnK22Gw\" target=\"_blank\">Les mots pour se dire: qu&rsquo;est-ce qu&rsquo;un francophone?<\/a>\u00a0\u00bb<\/li>\n<\/ul>\n<p>&nbsp;<\/p>\n<\/div>\n<ul>\n<li><strong>Montr\u00e9al, le 18 juin 2011<\/strong>: <a href=\"https:\/\/nadeaubarlow.com\/wp-content\/uploads\/2011\/05\/Nadeau-Barlow-PWAC-Seminars.pdf\" target=\"_blank\">La Conf\u00e9rence nationale PWAC <\/a>(<em>Professional Writers Association of Canada<\/em>).\u00a0<strong>Julie Barlow<\/strong> \u2013 Conf\u00e9renci\u00e8re : \u00ab Comment\u00a0r\u00e9diger une proposition de livre \u00bb (ANG)<\/li>\n<\/ul>\n<p>&nbsp;<\/p>\n<ul>\n<li><strong>Montr\u00e9al, le 18 juin 2011<\/strong>: <a href=\"https:\/\/nadeaubarlow.com\/wp-content\/uploads\/2011\/05\/Nadeau-Barlow-PWAC-Seminars.pdf\" target=\"_blank\">La Conf\u00e9rence nationale PWAC<\/a> (<em>Professional Writers Association of Canada<\/em>).\u00a0<strong>Jean-Beno\u00eet Nadeau<\/strong> \u2013 Conf\u00e9rencier: \u00ab \u00c9crire pour vivre \u00bb (ANG)<\/li>\n<\/ul>\n<\/div>\n","protected":false},"excerpt":{"rendered":"<p>Augsburg, Allemagne, le 31 octobre 2013\u00a0:\u00a0Colloque sur les id\u00e9ologies linguistiques dans la presse \u00e9crite\u00a0: exemple des langues romanes.\u00a0Jean-Beno\u00eet Nadeau\u00a0\u2013 Regards crois\u00e9s\u00a0:\u00a0Espagnol \u00aburgent\u00bb et fran\u00e7ais \u00abtranquille\u00bb\u00a0 &#8230;<\/p>\n","protected":false},"author":2,"featured_media":0,"parent":212,"menu_order":0,"comment_status":"open","ping_status":"closed","template":"","meta":[],"_links":{"self":[{"href":"https:\/\/nadeaubarlow.com\/fr\/wp-json\/wp\/v2\/pages\/3977"}],"collection":[{"href":"https:\/\/nadeaubarlow.com\/fr\/wp-json\/wp\/v2\/pages"}],"about":[{"href":"https:\/\/nadeaubarlow.com\/fr\/wp-json\/wp\/v2\/types\/page"}],"author":[{"embeddable":true,"href":"https:\/\/nadeaubarlow.com\/fr\/wp-json\/wp\/v2\/users\/2"}],"replies":[{"embeddable":true,"href":"https:\/\/nadeaubarlow.com\/fr\/wp-json\/wp\/v2\/comments?post=3977"}],"version-history":[{"count":68,"href":"https:\/\/nadeaubarlow.com\/fr\/wp-json\/wp\/v2\/pages\/3977\/revisions"}],"predecessor-version":[{"id":9847,"href":"https:\/\/nadeaubarlow.com\/fr\/wp-json\/wp\/v2\/pages\/3977\/revisions\/9847"}],"up":[{"embeddable":true,"href":"https:\/\/nadeaubarlow.com\/fr\/wp-json\/wp\/v2\/pages\/212"}],"wp:attachment":[{"href":"https:\/\/nadeaubarlow.com\/fr\/wp-json\/wp\/v2\/media?parent=3977"}],"curies":[{"name":"wp","href":"https:\/\/api.w.org\/{rel}","templated":true}]}}