{"id":3435,"date":"2011-12-14T14:31:30","date_gmt":"2011-12-14T19:31:30","guid":{"rendered":"http:\/\/nadeaubarlow.com\/?page_id=3435"},"modified":"2013-03-11T10:47:43","modified_gmt":"2013-03-11T14:47:43","slug":"communiques-de-presse","status":"publish","type":"page","link":"https:\/\/nadeaubarlow.com\/fr\/communiques-de-presse\/","title":{"rendered":"Communiqu\u00e9s de presse"},"content":{"rendered":"<p><a href=\"https:\/\/nadeaubarlow.com\/wp-content\/uploads\/2013\/03\/2013-03-11-Bruxelles-L-Europe-le-marche-aux-langues.pdf\" target=\"_blank\"><img loading=\"lazy\" class=\"alignleft  wp-image-8177\" title=\"Bruxelles - L\u2019Europe, le march\u00e9 aux langues \" alt=\"Bruxelles - L\u2019Europe, le march\u00e9 aux langues \" src=\"https:\/\/nadeaubarlow.com\/wp-content\/uploads\/2011\/12\/2013-03-11-Bruxelles-L-Europe-le-marche-aux-langues-193x300.jpg\" width=\"141\" height=\"218\" srcset=\"https:\/\/nadeaubarlow.com\/wp-content\/uploads\/2011\/12\/2013-03-11-Bruxelles-L-Europe-le-marche-aux-langues-193x300.jpg 193w, https:\/\/nadeaubarlow.com\/wp-content\/uploads\/2011\/12\/2013-03-11-Bruxelles-L-Europe-le-marche-aux-langues-660x1024.jpg 660w\" sizes=\"(max-width: 141px) 100vw, 141px\" \/><\/a><a href=\"https:\/\/nadeaubarlow.com\/wp-content\/uploads\/2013\/03\/2013-03-11-Bruxelles-L-Europe-le-marche-aux-langues.pdf\" target=\"_blank\"><strong>L\u2019Europe, le march\u00e9 aux langues<\/strong><\/a><\/p>\n<p><strong>mars 2013<\/strong><\/p>\n<p>Le 21 mars prochain, l\u2019Alliance fran\u00e7aise de Bruxelles-Europe, en partenariat avec la D\u00e9l\u00e9gation g\u00e9n\u00e9rale du Qu\u00e9bec, a le plaisir de vous inviter \u00e0 la conf\u00e9rence prononc\u00e9e par le journaliste et auteur qu\u00e9b\u00e9cois Jean-Beno\u00eet\u00a0Nadeau :\u00a0<strong>L\u2019Europe, le march\u00e9 aux langues.<\/strong><\/p>\n<p>Conf\u00e9rencier appr\u00e9ci\u00e9 pour son humour et la richesse de son propos, laur\u00e9at de nombreux prix, Jean-Beno\u00eet Nadeau donne r\u00e9guli\u00e8rement aux \u00c9tats-Unis, en Europe et au Japon, des conf\u00e9rences sur la langue fran\u00e7aise, la francophonie et les Fran\u00e7ais.<\/p>\n<p align=\"center\"><b>\u00a0<\/b><\/p>\n<p><strong><a href=\"https:\/\/nadeaubarlow.com\/wp-content\/uploads\/2013\/03\/2013-03-06-Le-francais-quelle-histoire-Communique.pdf\" target=\"_blank\"><img loading=\"lazy\" class=\"alignleft  wp-image-8159\" title=\"Le fran\u00e7ais quelle histoire ! Communiqu\u00e9\" alt=\"Le fran\u00e7ais quelle histoire ! Communiqu\u00e9\" src=\"https:\/\/nadeaubarlow.com\/wp-content\/uploads\/2011\/12\/2013-03-06-Le-francais-quelle-histoire-Communique-224x300.jpg\" width=\"139\" height=\"187\" \/><\/a><\/strong><\/p>\n<p><strong><a href=\"https:\/\/nadeaubarlow.com\/wp-content\/uploads\/2013\/03\/2013-03-06-Le-francais-quelle-histoire-Communique.pdf\" target=\"_blank\">Tourn\u00e9e en Belgique<\/a><\/strong><\/p>\n<p><strong>mars 2013<\/strong><\/p>\n<p>Le nombre de francophones dans le monde a tripl\u00e9 depuis<br \/>\n1945 ! Le fran\u00e7ais se classe au huiti\u00e8me rang des langues<br \/>\nparl\u00e9es et au deuxi\u00e8me des langues officielles. Jamais autant<br \/>\nde gens ne l\u2019ont parl\u00e9 qu\u2019aujourd\u2019hui. L\u2019univers des<br \/>\nfrancophones est un m\u00e9tissage unique et fertile : la langue<br \/>\nde Rabelais et de Montaigne, qui compte plus de un million<br \/>\nde mots et en cr\u00e9e chaque ann\u00e9e quelque 20 000, est aussi<br \/>\ncelle de Jonathan Littell, Atiq Rahimi, Abdou Diouf&#8230;<\/p>\n<p>&nbsp;<\/p>\n<p><strong><a href=\"https:\/\/nadeaubarlow.com\/wp-content\/uploads\/2011\/12\/2012-01-26-Celebrons-la-langue-francaise-H.pdf\" target=\"_blank\"><img loading=\"lazy\" class=\"alignleft  wp-image-3878\" title=\"C\u00e9l\u00e9brons la langue fran\u00e7aise\" alt=\"\" src=\"https:\/\/nadeaubarlow.com\/wp-content\/uploads\/2011\/12\/2012-01-26-Mois-Francophonie-Bio-Fr1-300x231.jpg\" width=\"180\" height=\"139\" \/><\/a><a href=\"https:\/\/nadeaubarlow.com\/wp-content\/uploads\/2011\/12\/2012-01-26-Celebrons-la-langue-francaise-H.pdf\" target=\"_blank\">C\u00e9l\u00e9brons la\u00a0langue fran\u00e7aise<\/a><\/strong><\/p>\n<p><strong>f\u00e9vrier 2012<\/strong><\/p>\n<p>C\u2019est au mois de mars que les francophones f\u00eatent le dynamisme et la diversit\u00e9 de leur langue \u00e0 travers divers \u00e9v\u00e9nements soulignant <strong>la semaine de la Francophonie<\/strong>.\u00a0Si vous souhaitez inviter les auteurs <strong>Jean-Beno\u00eet Nadeau et Julie Barlow<\/strong> en tant que conf\u00e9renciers dans le cadre de vos c\u00e9l\u00e9brations de la francophonie en mars, n\u2019h\u00e9sitez pas \u00e0 contacter <a href=\"mailto:info@NadeauBarlow.com\" target=\"_blank\">info@NadeauBarlow.com<\/a>.<\/p>\n<p>&nbsp;<\/p>\n<p><a href=\"https:\/\/nadeaubarlow.com\/wp-content\/uploads\/2011\/12\/Communiqu%C3%A9-Nadeau-Barlow-Prix-Renaissance-1112141.pdf\" target=\"_blank\"><img loading=\"lazy\" class=\"alignleft size-medium wp-image-3486\" style=\"border-style: solid; border-color: #5E7387; border-image: initial; border-width: 1px;\" title=\"2011-12-14 Communiqu\u00e9 - Le prix La Renaissance Fran\u00e7aise\" alt=\"\" src=\"https:\/\/nadeaubarlow.com\/wp-content\/uploads\/2011\/12\/2011-12-14-Communiqu\u00e9-Le-prix-La-Renaissance-Fran\u00e7aise-231x300.jpg\" width=\"139\" height=\"180\" \/><\/a><\/p>\n<p><strong><a href=\"https:\/\/nadeaubarlow.com\/wp-content\/uploads\/2011\/12\/Communiqu\u00e9-Nadeau-Barlow-Prix-Renaissance-1112141.pdf\" target=\"_blank\">Le prix Renaissance Fran\u00e7aise<\/a><\/strong><\/p>\n<p><strong>Mo<\/strong><strong>ntr\u00e9al, le 14 d\u00e9cembre 2011<\/strong><\/p>\n<p>L\u2019Acad\u00e9mie des Sciences d\u2019Outremer accorde <strong>le prix La\u00a0Renaissance Fran\u00e7aise<\/strong> aux auteurs montr\u00e9alais Jean-Beno\u00eet\u00a0Nadeau et Julie Barlow\u00a0pour le livre<strong>\u00a0<em>Le fran\u00e7ais, quelle histoire!<\/em><\/strong><\/p>\n<div>\n<div>\n<div>\n<div><span style=\"color: #0000ee;\"><strong><span style=\"text-decoration: underline;\"><br \/>\n<\/span><\/strong><\/span><strong><a href=\"https:\/\/nadeaubarlow.com\/wp-content\/uploads\/2011\/12\/Communiqu\u00e9-Nadeau-Barlow-Prix-Renaissance-1112141.pdf\"><br \/>\n<\/a><\/strong><strong><em><br \/>\n<\/em><\/strong><\/div>\n<\/div>\n<\/div>\n<\/div>\n","protected":false},"excerpt":{"rendered":"<p>L\u2019Europe, le march\u00e9 aux langues mars 2013 Le 21 mars prochain, l\u2019Alliance fran\u00e7aise de Bruxelles-Europe, en partenariat avec la D\u00e9l\u00e9gation g\u00e9n\u00e9rale du Qu\u00e9bec, a le &#8230;<\/p>\n","protected":false},"author":2,"featured_media":3486,"parent":0,"menu_order":0,"comment_status":"open","ping_status":"closed","template":"","meta":[],"_links":{"self":[{"href":"https:\/\/nadeaubarlow.com\/fr\/wp-json\/wp\/v2\/pages\/3435"}],"collection":[{"href":"https:\/\/nadeaubarlow.com\/fr\/wp-json\/wp\/v2\/pages"}],"about":[{"href":"https:\/\/nadeaubarlow.com\/fr\/wp-json\/wp\/v2\/types\/page"}],"author":[{"embeddable":true,"href":"https:\/\/nadeaubarlow.com\/fr\/wp-json\/wp\/v2\/users\/2"}],"replies":[{"embeddable":true,"href":"https:\/\/nadeaubarlow.com\/fr\/wp-json\/wp\/v2\/comments?post=3435"}],"version-history":[{"count":56,"href":"https:\/\/nadeaubarlow.com\/fr\/wp-json\/wp\/v2\/pages\/3435\/revisions"}],"predecessor-version":[{"id":3475,"href":"https:\/\/nadeaubarlow.com\/fr\/wp-json\/wp\/v2\/pages\/3435\/revisions\/3475"}],"wp:featuredmedia":[{"embeddable":true,"href":"https:\/\/nadeaubarlow.com\/fr\/wp-json\/wp\/v2\/media\/3486"}],"wp:attachment":[{"href":"https:\/\/nadeaubarlow.com\/fr\/wp-json\/wp\/v2\/media?parent=3435"}],"curies":[{"name":"wp","href":"https:\/\/api.w.org\/{rel}","templated":true}]}}