{"id":212,"date":"2011-03-06T15:25:41","date_gmt":"2011-03-06T20:25:41","guid":{"rendered":"http:\/\/209.44.100.85\/?page_id=212"},"modified":"2023-09-19T12:31:08","modified_gmt":"2023-09-19T16:31:08","slug":"contactez-nous","status":"publish","type":"page","link":"https:\/\/nadeaubarlow.com\/fr\/contactez-nous\/","title":{"rendered":"Contactez-nous"},"content":{"rendered":"<p><strong>Pour les droits en anglais:<\/strong><\/p>\n<p>Evan Brown | Transtlantic Agency <a href=\"mailto:evan@transatlanticagency.com\">evan@transatlanticagency.com<\/a>| +1\u202d 416.488.9214<\/p>\n<p>&nbsp;<\/p>\n<p><strong>Pour les droits en fran\u00e7ais:<br \/>\n<\/strong><\/p>\n<p>Patrick Leimgruber |\u00a0Agence litt\u00e9raire Patrick Leimgruber <a href=\"mailto:patrick@agenceleimgruber.com\" target=\"_blank\" rel=\"noopener\">patrick@agenceleimgruber.com<\/a> | +1.514.278.7116<\/p>\n<p>&nbsp;<\/p>\n<p><strong>Presse et conf\u00e9rences: <\/strong><strong><a href=\"mailto:info@nadeaubarlow.com\">info@nadeaubarlow.com<\/a><\/strong><\/p>\n<p>&nbsp;<\/p>\n<h2>\u00c9crivez-nous<\/h2>\n<div id=\"cscf\" class=\"cscfBlock\">\n    <div class=\"cscfMessageSent\" style=\"display:none;\" role=\"status\" aria-live=\"polite\">\n\t\t<h3>Message Sent<\/h3>\n<p>Thank you for your message, we will be in touch very shortly. <\/p>    <\/div>\n    <div class=\"cscfMessageNotSent\" style=\"display:none;\" role=\"alert\" aria-live=\"assertive\">\n\t\t<p>\n    D\u00e9sol\u00e9, un probl\u00e8me est survenu et votre message n&#039;a pu \u00eatre envoy\u00e9<\/p>\n    <\/div>\n    <div class=\"cscfForm\">\n        <p>Please enter your contact details and a short message below and I will try to answer your query as soon as possible.<\/p>\n\n        <form role=\"form\" id=\"frmCSCF\" name=\"frmCSCF\" method=\"post\" novalidate>\n\t\t\t<input type=\"hidden\" id=\"cscf_nonce\" name=\"cscf_nonce\" value=\"4c025eaabf\" \/><input type=\"hidden\" name=\"_wp_http_referer\" value=\"\/fr\/wp-json\/wp\/v2\/pages\/212\" \/>            <input type=\"hidden\" name=\"post-id\" value=\"212\">\n\n\t\t\t\n            <!-- name -->\n            <div class=\"control-group form-group\">\n                <label for=\"cscf_name\">Nom :<\/label>\n\n\n                <div class=\"\">\n\t\t\t\t\t                    <input class=\"form-control input-xlarge\"\n                           data-rule-required=\"true\"\n                           data-msg-required=\"Entrez votre nom\"\n                           type=\"text\" id=\"cscf_name\" name=\"cscf[name]\"\n                           value=\"\"\n                           placeholder=\"Votre nom\"\n                           autocomplete=\"name\"\n                           aria-required=\"true\"\n                           aria-describedby=\"cscf_name_error\"\n                                               \/>\n                <\/div>\n                <span id=\"cscf_name_error\" class=\"help-inline help-block error\"\n                      style=\"display:none;\"\n                      role=\"alert\">\n                                    <\/span>\n            <\/div>\n\n\n            <!--email address-->\n            <div class=\"control-group form-group\">\n                <label for=\"cscf_email\">Adresse e-mail :<\/label>\n\n                <div class=\"\">\n\t\t\t\t\t                    <input class=\"form-control input-xlarge\"\n                           data-rule-required=\"true\"\n                           data-rule-email=\"true\"\n                           data-msg-required=\"Entrez votre adresse e-mail\"\n                           data-msg-email=\"Entrez une adresse e-mail valide\"\n                           type=\"email\" id=\"cscf_email\" name=\"cscf[email]\"\n                           value=\"\"\n                           placeholder=\"Votre adresse e-mail\"\n                           autocomplete=\"email\"\n                           aria-required=\"true\"\n                           aria-describedby=\"cscf_email_error\"\n                                               \/>\n                <\/div>\n                <span id=\"cscf_email_error\" class=\"help-inline help-block error\"\n                      style=\"display:none;\"\n                      role=\"alert\">\n                                    <\/span>\n            <\/div>\n\n\t\t\t                <!--confirm email address -->\n                <div class=\"control-group form-group\">\n                    <label for=\"cscf_confirm-email\">Confirmez l&#039;adresse e-mail :<\/label>\n                    <div class=\"\">\n\t\t\t\t\t\t                        <input class=\"form-control input-xlarge\"\n                               data-rule-required=\"true\"\n                               data-rule-email=\"true\"\n                               data-rule-equalTo=\"#cscf_email\"\n                               data-msg-required=\"Merci d&#039;entrer la m\u00eame adresse e-mail.\"\n                               data-msg-email=\"Entrez une adresse e-mail valide\"\n                               data-msg-equalTo=\"Merci d&#039;entrer la m\u00eame adresse e-mail.\"\n                               type=\"email\" id=\"cscf_confirm-email\" name=\"cscf[confirm-email]\"\n                               value=\"\"\n                               placeholder=\"Confirmez votre adresse e-mail\"\n                               autocomplete=\"email\"\n                               aria-required=\"true\"\n                               aria-describedby=\"cscf_confirm-email_error\"\n                                                       \/>\n                    <\/div>\n                    <span id=\"cscf_confirm-email_error\" class=\"help-inline help-block error\"\n                          style=\"display:none;\"\n                          role=\"alert\">\n                                    <\/span>\n                <\/div>\n\t\t\t\n\t\t\t\n\n            <!-- message -->\n            <div class=\"control-group form-group\">\n                <label for=\"cscf_message\">Message :<\/label>\n                <div class=\"\">\n\t\t\t\t\t                    <textarea class=\"form-control input-xlarge\"\n                              data-rule-required=\"true\"\n                              data-msg-required=\"Merci d&#039;entrer un message\"\n                              id=\"cscf_message\" name=\"cscf[message]\" rows=\"10\"\n                              placeholder=\"Votre message\"\n                              aria-required=\"true\"\n                              aria-describedby=\"cscf_message_error\"\n                              ><\/textarea>\n                <\/div>\n\n                <span id=\"cscf_message_error\" class=\"help-inline help-block error\"\n                      style=\"display:none;\"\n                      role=\"alert\">\n                                    <\/span>\n            <\/div>\n\n\t\t\t\n\n\n\t\t\t\n            <!-- recaptcha -->\n\t\t\t            <input type=\"submit\" id=\"cscf_SubmitButton\" class=\"btn btn-default\"\n                   value=\"Envoyer le message\"\/>\n        <\/form>\n    <\/div>\n<\/div>\n","protected":false},"excerpt":{"rendered":"<p>Pour les droits en anglais: Evan Brown | Transtlantic Agency evan@transatlanticagency.com| +1\u202d 416.488.9214 &nbsp; Pour les droits en fran\u00e7ais: Patrick Leimgruber |\u00a0Agence litt\u00e9raire Patrick Leimgruber &#8230;<\/p>\n","protected":false},"author":3,"featured_media":0,"parent":0,"menu_order":0,"comment_status":"closed","ping_status":"closed","template":"","meta":[],"_links":{"self":[{"href":"https:\/\/nadeaubarlow.com\/fr\/wp-json\/wp\/v2\/pages\/212"}],"collection":[{"href":"https:\/\/nadeaubarlow.com\/fr\/wp-json\/wp\/v2\/pages"}],"about":[{"href":"https:\/\/nadeaubarlow.com\/fr\/wp-json\/wp\/v2\/types\/page"}],"author":[{"embeddable":true,"href":"https:\/\/nadeaubarlow.com\/fr\/wp-json\/wp\/v2\/users\/3"}],"replies":[{"embeddable":true,"href":"https:\/\/nadeaubarlow.com\/fr\/wp-json\/wp\/v2\/comments?post=212"}],"version-history":[{"count":43,"href":"https:\/\/nadeaubarlow.com\/fr\/wp-json\/wp\/v2\/pages\/212\/revisions"}],"predecessor-version":[{"id":12092,"href":"https:\/\/nadeaubarlow.com\/fr\/wp-json\/wp\/v2\/pages\/212\/revisions\/12092"}],"wp:attachment":[{"href":"https:\/\/nadeaubarlow.com\/fr\/wp-json\/wp\/v2\/media?parent=212"}],"curies":[{"name":"wp","href":"https:\/\/api.w.org\/{rel}","templated":true}]}}