{"id":197,"date":"2011-03-06T15:18:13","date_gmt":"2011-03-06T20:18:13","guid":{"rendered":"http:\/\/209.44.100.85\/?page_id=197"},"modified":"2023-10-04T15:41:11","modified_gmt":"2023-10-04T19:41:11","slug":"plus-sur-jean-benoit","status":"publish","type":"page","link":"https:\/\/nadeaubarlow.com\/fr\/plus-sur-jean-benoit\/","title":{"rendered":"Plus sur Jean-Beno\u00eet"},"content":{"rendered":"<p><img loading=\"lazy\" class=\"alignleft wp-image-12295\" src=\"https:\/\/nadeaubarlow.com\/wp-content\/uploads\/2011\/03\/JeanSeriousCR.jpg\" alt=\"JeanSeriousCR\" width=\"308\" height=\"229\" srcset=\"https:\/\/nadeaubarlow.com\/wp-content\/uploads\/2011\/03\/JeanSeriousCR.jpg 3112w, https:\/\/nadeaubarlow.com\/wp-content\/uploads\/2011\/03\/JeanSeriousCR-768x570.jpg 768w\" sizes=\"(max-width: 308px) 100vw, 308px\" \/><\/p>\n<p>N\u00e9 \u00e0 Sherbrooke, au Qu\u00e9bec, Jean-Beno\u00eet Nadeau a une formation en sciences politiques et histoire (B.A. 1992) de l\u2019Universit\u00e9 McGill \u00e0 Montr\u00e9al. Il est \u00e9galement <em>fellow<\/em> de la fondation am\u00e9ricaine The Institute of Current World Affairs.<\/p>\n<p>Auteur, journaliste et conf\u00e9rencier, il a publi\u00e9 une douzaine de livres et 2\u00a0000 reportages et chroniques, et remport\u00e9 une deux douzaines de prix de journalisme et litt\u00e9raires.<\/p>\n<p>En septembre 2023, son premier roman, <strong><em>SIERRA NEGRA<\/em><\/strong><em>, <\/em>para\u00eet aux \u00c9ditions Ch\u00e2teau d\u2019encre. Ce roman d\u2019aventures, librement inspir\u00e9 de faits v\u00e9cus par l\u2019auteur, raconte les p\u00e9rip\u00e9ties d\u2019une exp\u00e9dition de sp\u00e9l\u00e9ologues partis \u00e0 la d\u00e9couverte des grands gouffres d\u2019une sierra isol\u00e9e au Mexique.<\/p>\n<p>Le m\u00eame mois, les \u00e9ditions Sutherland House publient \u00e9galement la version anglaise de son populaire <em>Guide du travailleur autonome<\/em> sous le titre <strong><em>GOING SOLO\u00a0: Everything You Need to Start Your Business and Succeed as Your Own Boss<\/em>. <\/strong>Cosignataire, Julie Barlow en a assur\u00e9 la traduction et l\u2019adaptation. L\u2019\u00e9diteur am\u00e9ricain publie simultan\u00e9ment la version anglaise pour le Canada et une autre pour les \u00c9tats-Unis.<\/p>\n<p>En tant qu\u2019auteur, Jean-Beno\u00eet Nadeau a touch\u00e9 \u00e0 plusieurs genres litt\u00e9raires (essais documentaires, chroniques de voyage, guides pratiques et roman). Certains de ses titres ont fait l\u2019objet de plusieurs traductions (en anglais, mandarin, japonais, n\u00e9erlandais, tha\u00ef et turc).<\/p>\n<p>Il est \u00e9galement trois fois boursier du Conseil des arts du Canada en plus d\u2019\u00eatre boursier du Conseil des arts et lettres du Qu\u00e9bec. En 2011, <em>Le fran\u00e7ais, quelle histoire\u00a0!<\/em> s\u2019est m\u00e9rit\u00e9 le prix La Renaissance Fran\u00e7aise de L\u2019Acad\u00e9mie des Sciences d\u2019Outre-Mer \u00e0 Paris. Et la version originale anglaise, <em>The Story of French<\/em>, a \u00e9t\u00e9 r\u00e9compens\u00e9e par le Prix Mavis-Gallant de la Quebec Writers Federation en novembre 2007.<\/p>\n<p>Reporter et chroniqueur au magazine <em>L\u2019actualit\u00e9<\/em>, Jean-Beno\u00eet Nadeau \u00e9crit r\u00e9guli\u00e8rement pour le quotidien montr\u00e9alais <em>Le Devoir<\/em> en plus de signer un \u00e9ditorial chez <em>Avenues.ca<\/em>. Il figure\u00a0parmi les rares journalistes canadiens \u00e0 publier \u00e9galement en anglais, ayant \u00e9galement sign\u00e9 des articles dans le <em>New York Times, <\/em>le<em> Globe and Mail, <\/em>le<em> Wall Street Journal <\/em>et <em>USA Today<\/em>.<\/p>\n<p>\u00c0 titre de journaliste, Jean-Beno\u00eet Nadeau est laur\u00e9at de nombreux prix, dont le Prix Jules-Fournier\u00a02020 du Conseil sup\u00e9rieur de la langue fran\u00e7aise, la Bourse d\u2019excellence\u00a02023 de l\u2019Association des journalistes du Qu\u00e9bec et la m\u00e9daille d\u2019or cat\u00e9gorie meilleur article en fran\u00e7ais\u00a02017 du Conseil canadien pour l\u2019avancement en \u00e9ducation.<\/p>\n<p>Conf\u00e9rencier appr\u00e9ci\u00e9 pour son humour, il a donn\u00e9 plus de 150 conf\u00e9rences sur la France et la langue fran\u00e7aise tant au Canada, qu\u2019aux \u00c9tats-Unis, aux Pays-Bas, en Espagne, au Portugal, en Angleterre, en Cor\u00e9e du Sud et au Japon. Il a \u00e9galement de tr\u00e8s nombreux s\u00e9minaires et ateliers sur l\u2019\u00e9criture et\u00a0le journalisme, principalement au Canada.<\/p>\n<p>\u00c0 la radio, il a \u00e9galement coproduit un documentaire en deux \u00e9pisodes d\u2019une heure, <em>Le fran\u00e7ais n\u2019a pas dit son dernier mot<\/em>, diffus\u00e9 sur France Culture en juillet 2014.<\/p>\n<p>Grand voyageur parlant trois langues (fran\u00e7ais, anglais et espagnol), il a \u00e9galement v\u00e9cu \u00e0 Paris, Toronto et Phoenix avec sa conjointe et coll\u00e8gue, Julie Barlow. Parents de deux filles, le couple est bas\u00e9 \u00e0 Montr\u00e9al.<\/p>\n<p><strong><u>LISTE DES LIVRES PUBLI\u00c9S<\/u><\/strong><\/p>\n<p><strong><u>Essais<\/u><\/strong><\/p>\n<ul>\n<li><em>Ainsi parlent les Fran\u00e7ais<\/em> (\u00c9ditions Robert Laffont, 2018). Avec Julie Barlow.<\/li>\n<li><em>50 ans de r\u00eaves et d\u2019actions\u00a0: l\u2019Office Franco-qu\u00e9b\u00e9cois pour la Jeunesse<\/em> (OFQJ, 2018). Avec Georges Poirier.<\/li>\n<li>Branch\u00e9e\u00a0: Hydro-Qu\u00e9bec et le futur de l\u2019\u00e9lectricit\u00e9 (Qu\u00e9bec Am\u00e9rique, 2019). Avec Julie Barlow.<\/li>\n<li><em>The Story of Spanish<\/em> (St. Martin\u2019s Press, 2013). Avec Julie Barlow.<\/li>\n<li><em>Le fran\u00e7ais, quelle histoire!<\/em> (Le Livre de Poche, 2011). Avec Julie Barlow.<\/li>\n<li><em>Pas si fous, ces Fran\u00e7ais!<\/em> (Seuil, 2005). Avec Julie Barlow.<\/li>\n<\/ul>\n<p><strong><u>Chroniques et roman<\/u><\/strong><\/p>\n<ul>\n<li><em>Sierra Negra <\/em>(Ch\u00e2teau d\u2019encre, 2023).<\/li>\n<li><em>Les Accents circomplexes<\/em> (Stank\u00e9, 2014).<\/li>\n<li><em>Les Fran\u00e7ais aussi ont un accent<\/em> (Payot, 2002).<\/li>\n<\/ul>\n<p><strong><u>Livres pratiques<\/u><\/strong><\/p>\n<ul>\n<li><em>\u00c9crire pour vivre<\/em>, Qu\u00e9bec Am\u00e9rique, 2<sup>e<\/sup> \u00e9dition, 2021.<\/li>\n<li><em>Le Guide du travailleur autonome<\/em>, 3<sup>e<\/sup> \u00e9dition (Qu\u00e9bec Am\u00e9rique, 2018).<\/li>\n<li><em>Le Guide de la r\u00e9novation heureuse<\/em> (Tr\u00e9carr\u00e9, 2018). Avec Paul Bernier.<\/li>\n<li><em>100 trucs\u00a0: Travailleurs autonomes<\/em> (Prot\u00e9gez-Vous, 2018).<\/li>\n<\/ul>\n<p style=\"text-align: right;\">\u2014Le 28\u00a0septembre 2023<\/p>\n<p><a href=\"https:\/\/nadeaubarlow.com\/wp-content\/uploads\/2012\/08\/Jean-Benoit-Nadeau.jpg\" target=\"_blank\" rel=\"noopener\">T\u00e9l\u00e9charger photo de Jean-Beno\u00eet en haute r\u00e9solution \u00bb<\/a><\/p>\n<h5><strong>Affiliations et associations<\/strong><\/h5>\n<p><a href=\"http:\/\/www.fpjq.org\/index.php?id=repertoire&amp;p=1&amp;single=134360\" target=\"_blank\" rel=\"noopener\">\u00e9d\u00e9ration professionnelle des journalistes du Qu\u00e9bec (FPJQ)<\/a><\/p>\n<p><a href=\"http:\/\/www.icwa.org\/FormerArticles.asp?vIni=JBN&amp;vName=Jean%20Beno%C3%AEt%20Nadeau\" target=\"_blank\" rel=\"noopener\">Institute of Current World Affairs (ICWA)<\/a><\/p>\n<p><a href=\"http:\/\/www.uneq.qc.ca\/\" target=\"_blank\" rel=\"noopener\">Union des \u00e9crivains du Qu\u00e9bec (UNEQ)\u00a0<\/a><\/p>\n<div id=\"sconnect-is-installed\" style=\"display: none;\">2.15.0.0<\/div>\n","protected":false},"excerpt":{"rendered":"<p>N\u00e9 \u00e0 Sherbrooke, au Qu\u00e9bec, Jean-Beno\u00eet Nadeau a une formation en sciences politiques et histoire (B.A. 1992) de l\u2019Universit\u00e9 McGill \u00e0 Montr\u00e9al. Il est \u00e9galement &#8230;<\/p>\n","protected":false},"author":3,"featured_media":456,"parent":0,"menu_order":0,"comment_status":"closed","ping_status":"closed","template":"","meta":[],"_links":{"self":[{"href":"https:\/\/nadeaubarlow.com\/fr\/wp-json\/wp\/v2\/pages\/197"}],"collection":[{"href":"https:\/\/nadeaubarlow.com\/fr\/wp-json\/wp\/v2\/pages"}],"about":[{"href":"https:\/\/nadeaubarlow.com\/fr\/wp-json\/wp\/v2\/types\/page"}],"author":[{"embeddable":true,"href":"https:\/\/nadeaubarlow.com\/fr\/wp-json\/wp\/v2\/users\/3"}],"replies":[{"embeddable":true,"href":"https:\/\/nadeaubarlow.com\/fr\/wp-json\/wp\/v2\/comments?post=197"}],"version-history":[{"count":43,"href":"https:\/\/nadeaubarlow.com\/fr\/wp-json\/wp\/v2\/pages\/197\/revisions"}],"predecessor-version":[{"id":38236,"href":"https:\/\/nadeaubarlow.com\/fr\/wp-json\/wp\/v2\/pages\/197\/revisions\/38236"}],"wp:featuredmedia":[{"embeddable":true,"href":"https:\/\/nadeaubarlow.com\/fr\/wp-json\/wp\/v2\/media\/456"}],"wp:attachment":[{"href":"https:\/\/nadeaubarlow.com\/fr\/wp-json\/wp\/v2\/media?parent=197"}],"curies":[{"name":"wp","href":"https:\/\/api.w.org\/{rel}","templated":true}]}}