{"id":11760,"date":"2015-10-14T15:01:44","date_gmt":"2015-10-14T19:01:44","guid":{"rendered":"http:\/\/nadeaubarlow.com\/fr\/?page_id=11760"},"modified":"2019-10-28T17:52:54","modified_gmt":"2019-10-28T21:52:54","slug":"accueil","status":"publish","type":"page","link":"https:\/\/nadeaubarlow.com\/fr\/accueil\/","title":{"rendered":"Accueil"},"content":{"rendered":"<div id=\"wp-spoiler-1\" class=\"wp-spoiler wpui-hashable wpui-android wpui-styles\" data-style=\"wpui-android\">  <h3 class=\"wp-spoiler-title wpui-hashable fade-true slide-true open-true\">Ainsi parlent les Fran\u00e7ais<\/h3><div class=\"wpui-hidden wp-spoiler-content\"> <em>Tout \u00e0 la fois un essai qui explique <a href=\"https:\/\/nadeaubarlow.com\/fr\/livres\/\"><img loading=\"lazy\" class=\"alignleft wp-image-12483\" src=\"https:\/\/nadeaubarlow.com\/wp-content\/uploads\/2018\/10\/180911-APLF-C1.jpg\" alt=\"\" width=\"208\" height=\"331\" \/><\/a>pourquoi les Fran\u00e7ais parlent comme ils parlent, et une chronique qui raconte comment parler aux Fran\u00e7ais sans se fatiguer.<\/em><\/p>\n<p style=\"text-align: center;\">\u00ab Portrait d\u00e9tonant, qui analyse avec beaucoup de tendresse et d&rsquo;humour nos compatriotes (\u2026) Chacun se reconna\u00eetra \u00e0 souhait dans ce livre mordant. \u00bb<br \/>\n<strong><em>Le Figaro litt\u00e9raire<\/em><\/strong><\/p>\n<p style=\"text-align: center;\">\u00ab La joie des auteurs est contagieuse. \u00bb<br \/>\n<strong><em>The New York Times<\/em><\/strong><\/p>\n<p style=\"text-align: center;\">\u00ab Fascinant et d\u00e9licieux. \u00bb<br \/>\n<i style=\"font-weight: bold;\">The <\/i><span style=\"font-weight: 600;\"><i>Times<\/i><\/span><i style=\"font-weight: bold;\"> Literary Supplement<\/i><\/p>\n<p style=\"text-align: center;\">\u00abUne r\u00e9flexion ironique, heureuse et tendre. \u00bb<br \/>\n<strong>Xavier Lambrechts, 64\u2019 Le Monde en  fran\u00e7ais, TV5MONDE<\/strong><em>  <\/em><em> <\/em><\/p>\n<p style=\"text-align: center;\"><strong><em> <\/em><\/strong><\/p>\n<div class=\"table-responsive\">\n<table class=\"browserref notranslate\" style=\"height: 50px;\" width=\"629\">\n<tbody>\n<tr>\n<td><a href=\"http:\/\/www.renaud-bray.com\/Livres_Produit.aspx?id=2611618&amp;def=Ainsi+parlent+les+Fran%C3%A7ais+%3A+codes%2C+tabous+et+myst%C3%A8res+de+la+conversation+%C3%A0+la+fran%C3%A7aise%2CBARLOW+JULIE%2CNADEAU%2C+JEAN-BENO%C3%8ET%2C9782221216545\" target=\"_blank\" rel=\"noopener noreferrer\"><img loading=\"lazy\" class=\"img-responsive alignnone\" style=\"width: 100%; height: auto;\" src=\"https:\/\/nadeaubarlow.com\/wp-content\/uploads\/2019\/02\/Renaud-Bray.png\" alt=\"\" width=\"148\" height=\"32\" \/><\/a><\/td>\n<td><a href=\"https:\/\/www.archambault.ca\/livres\/ainsi-parlent-les-fran%C3%A7ais-codes-tabous-et-myst%C3%A8res-de-la-conversation-%C3%A0-la-fran%C3%A7aise\/barlow-julie-nadeau-jean-beno%C3%AEt\/9782221216545\/?id=2611618&amp;cat=1891419\" target=\"_blank\" rel=\"noopener noreferrer\"><img loading=\"lazy\" class=\"img-responsive alignnone\" style=\"width: 100%; height: auto;\" src=\"https:\/\/nadeaubarlow.com\/wp-content\/uploads\/2019\/02\/Archambault.png\" alt=\"\" width=\"148\" height=\"32\" \/><\/a><\/td>\n<td><a href=\"https:\/\/www.leslibraires.ca\/livres\/ainsi-parlent-les-francais-codes-tabous-julie-barlow-9782221216545.html\" target=\"_blank\" rel=\"noopener noreferrer\"><img loading=\"lazy\" class=\"img-responsive alignnone\" style=\"width: 100%; height: auto;\" src=\"https:\/\/nadeaubarlow.com\/wp-content\/uploads\/2019\/05\/logo_leslibraires.png\" alt=\"\" width=\"148\" height=\"32\" \/><\/a><\/td>\n<td><a href=\"https:\/\/www.decitre.fr\/livres\/ainsi-parlent-les-francais-9782221216545.html\" target=\"_blank\" rel=\"noopener noreferrer\"><img class=\"img-responsive\" style=\"width: 100%; height: auto;\" src=\"https:\/\/nadeaubarlow.com\/wp-content\/uploads\/2018\/11\/decitre.png\" alt=\"\" \/><\/a><\/td>\n<td><a href=\"https:\/\/livre.fnac.com\/a12538472\/Julie-Barlow-Ainsi-parlent-les-Francais\" target=\"_blank\" rel=\"noopener noreferrer\"><img class=\"img-responsive\" style=\"width: 100%; height: auto;\" src=\"https:\/\/nadeaubarlow.com\/wp-content\/uploads\/2018\/11\/Fnac.png\" alt=\"\" \/><\/a><\/td>\n<\/tr>\n<\/tbody>\n<\/table>\n<div class=\"table-responsive\">\n<table class=\"browserref notranslate\">\n<tbody>\n<tr>\n<td><a href=\"https:\/\/www.parislibrairies.fr\/livre\/9782221216545-ainsi-parlent-les-francais-julie-barlow-jean-benoit-nadeau\/\" target=\"_blank\" rel=\"noopener noreferrer\"><img class=\"img-responsive\" style=\"width: 169px; height: 43px;\" src=\"https:\/\/nadeaubarlow.com\/wp-content\/uploads\/2018\/11\/parislibraire.png\" alt=\"\" \/><\/a><\/td>\n<\/tr>\n<\/tbody>\n<\/table>\n<\/div>\n<hr \/>\n<p><\/div>  <\/div><!-- end div.wp-spoiler -->\n<div id=\"wp-spoiler-2\" class=\"wp-spoiler wpui-hashable wpui-android wpui-styles\" data-style=\"wpui-android\">  <h3 class=\"wp-spoiler-title wpui-hashable fade-true slide-true open-true\">Branch\u00e9e! Hydro-Qu\u00e9bec et le futur de l'\u00e9lectricit\u00e9<\/h3><div class=\"wpui-hidden wp-spoiler-content\"><a href=\"https:\/\/nadeaubarlow.com\/fr\/livres\/\"> <img loading=\"lazy\" class=\" wp-image-12612 alignleft\" src=\"https:\/\/nadeaubarlow.com\/wp-content\/uploads\/2019\/05\/Branche\u0301e-Hydro-Quebec-et-le-futur-de-lelectricite.jpg\" alt=\"\" width=\"214\" height=\"319\" \/><\/a><\/p>\n<p style=\"text-align: left;\">Les Qu\u00e9b\u00e9cois sont-ils conscients de ce qu\u2019ils ont b\u00e2ti\u00a0?<\/p>\n<p style=\"text-align: left;\">Hydro-Qu\u00e9bec est l\u2019un des plus gros r\u00e9seaux \u00e9lectriques du continent, l\u2019un des plus rentables, le moins cher et le plus vert. Son hydro\u00e9lectricit\u00e9, \u00e0 99,8\u00a0% renouvelable, donne au Qu\u00e9bec deux g\u00e9n\u00e9rations d\u2019avance sur la Californie et l\u2019Ontario.<\/p>\n<p style=\"text-align: left;\"><em>\u00a0<\/em>Dans leur style qui combine le reportage et la r\u00e9flexion avec une touche d\u2019humour, Jean-Beno\u00eet Nadeau et Julie Barlow nous racontent o\u00f9 s\u2019en va la soci\u00e9t\u00e9 d\u2019\u00c9tat alors qu\u2019elle s\u2019appr\u00eate \u00e0 souffler ses 75 chandelles.<\/p>\n<p style=\"text-align: left;\">Exportations am\u00e9ricaines, achats d\u2019infrastructures au Mexique, autobus chinois, m\u00e9gabatteries, bitcoins, bornes de recharge, super-centres de donn\u00e9es \u2014 le futur est maintenant et il est \u00e9lectrique!<\/p>\n<p style=\"text-align: left;\">Mais tandis qu\u2019Hydro-Qu\u00e9bec se projette vers 2044, les d\u00e9fis sont nombreux. Panneaux solaires, tarifs, gestion \u00e0 distance du chauffage, enfouissement de lignes, environnement, relations autochtones\u00a0: tout est sur la table, \u00e0 l\u2019heure o\u00f9 les habitudes et les attentes changent radicalement.<\/p>\n<div class=\"table-responsive\">\n<table class=\"browserref notranslate\" style=\"height: 50px;\" width=\"629\">\n<tbody>\n<tr>\n<td><a href=\"http:\/\/renaud-bray.com\/Livres_Produit.aspx?id=2779646&amp;def=Branch%c3%a9e+%3a+Hydro-Qu%c3%a9bec+et+le+futur+de+l%27%c3%a9lectricit%c3%a9%2cBARLOW%2c+JULIE%2cNADEAU%2c+JEAN-BENO%c3%8eT%2c9782764437803\" target=\"_blank\" rel=\"noopener noreferrer\"><img loading=\"lazy\" class=\"img-responsive alignnone\" style=\"width: 100%; height: auto;\" src=\"https:\/\/nadeaubarlow.com\/wp-content\/uploads\/2019\/02\/Renaud-Bray.png\" alt=\"\" width=\"148\" height=\"32\" \/><\/a><\/td>\n<td><a href=\"https:\/\/www.archambault.ca\/livres\/branch%c3%a9e-hydro-qu%c3%a9bec-et-le-futur-de-l%27%c3%a9lectricit%c3%a9\/julie-barlow-jean-beno%c3%aet-nadeau\/9782764437803\/?id=2779646&amp;cat=1884314\" target=\"_blank\" rel=\"noopener noreferrer\"><img loading=\"lazy\" class=\"img-responsive alignnone\" style=\"width: 100%; height: auto;\" src=\"https:\/\/nadeaubarlow.com\/wp-content\/uploads\/2019\/02\/Archambault.png\" alt=\"\" width=\"148\" height=\"32\" \/><\/a><\/td>\n<td><a href=\"https:\/\/www.leslibraires.ca\/livres\/branchee-hydro-quebec-et-le-futur-jean-benoit-nadeau-9782764437803.html\" target=\"_blank\" rel=\"noopener noreferrer\"><img class=\"img-responsive\" style=\"width: 169px; height: 43px;\" src=\"https:\/\/nadeaubarlow.com\/wp-content\/uploads\/2019\/05\/logo_leslibraires.png\" alt=\"\" \/><\/a><\/td>\n<\/tr>\n<\/tbody>\n<\/table>\n<p><\/div>  <\/div><!-- end div.wp-spoiler -->\n<hr \/>\n<p>&nbsp;<\/p>\n<p><div id=\"wp-spoiler-3\" class=\"wp-spoiler wpui-hashable wpui-android wpui-styles\" data-style=\"wpui-android\">  <h3 class=\"wp-spoiler-title wpui-hashable fade-true slide-true open-true\">The Story of Spanish<\/h3><div class=\"wpui-hidden wp-spoiler-content\"><a href=\"https:\/\/nadeaubarlow.com\/fr\/livres\/\"><img loading=\"lazy\" class=\"alignleft\" src=\"https:\/\/nadeaubarlow.com\/wp-content\/uploads\/2014\/02\/n-La-historia-del-espagnol.jpg\" alt=\"\" width=\"199\" height=\"324\" \/><\/a> <i>Une biographie de la langue espagnole qui part de ses origines pour raconter comment elle a \u00e9volu\u00e9 et s\u2019est diffus\u00e9e sur trois continents pour devenir la troisi\u00e8me grande langue internationale. <\/i><\/p>\n<p style=\"text-align: center;\">\u00ab Chapeau bas! \u00bb<br \/>\n<strong><em>The Economist<\/em><\/strong><\/p>\n<p style=\"text-align: center;\">\u00ab Se lit d\u2019un trait \u00bb<br \/>\n<strong><em>The Wall Street Journal<\/em><\/strong><\/p>\n<p style=\"text-align: center;\">\u00abUne narration vivante et accessible. \u00bb<br \/>\n<strong><em>The Los Angeles Times<\/em><\/strong><\/p>\n<div class=\"table-responsive\">\n<table class=\"browserref notranslate\">\n<tbody>\n<tr>\n<td><a href=\"http:\/\/www.amazon.com\/The-Story-Spanish-Jean-Benoit-Nadeau\/dp\/0312656025\" target=\"_blank\" rel=\"noopener noreferrer\"><img class=\"img-responsive\" style=\"width: 100%; height: auto;\" src=\"https:\/\/nadeaubarlow.com\/wp-content\/uploads\/2015\/08\/amazonbutton-COM.png\" alt=\"\" \/><\/a><\/td>\n<td><a href=\"http:\/\/www.barnesandnoble.com\/w\/the-story-of-spanish-jean-benoit-nadeau\/1111298314?ean=9780312656027\" target=\"_blank\" rel=\"noopener noreferrer\"><img class=\"img-responsive\" style=\"width: 100%; height: auto;\" src=\"https:\/\/nadeaubarlow.com\/wp-content\/uploads\/2015\/08\/bnbutton.png\" alt=\"\" \/><\/a><\/td>\n<\/tr>\n<\/tbody>\n<\/table>\n<\/div>\n<hr \/>\n<p><\/div>  <\/div><!-- end div.wp-spoiler --><br \/>\n<div id=\"wp-spoiler-4\" class=\"wp-spoiler wpui-hashable wpui-android wpui-styles\" data-style=\"wpui-android\">  <h3 class=\"wp-spoiler-title wpui-hashable fade-true slide-true open-true\">La grande aventure de la langue fran\u00e7aise (\u00c9d. qu\u00e9b\u00e9coise)<\/h3><div class=\"wpui-hidden wp-spoiler-content\"><a href=\"https:\/\/nadeaubarlow.com\/fr\/livres\/\"><img loading=\"lazy\" class=\"alignleft\" src=\"https:\/\/nadeaubarlow.com\/wp-content\/uploads\/2014\/03\/La-grande-Aventure-de-la-langue-francaise.jpg\" alt=\"\" width=\"199\" height=\"324\" \/><\/a><i>Cet essai raconte comment la langue fran\u00e7aise est devenue premier grand succ\u00e8s d\u2019exportation linguistique apr\u00e8s l\u2019Empire romain et comment elle demeure une des grandes langues internationales.<\/i><br \/>\n* Prix Mavis-Gallant \/ * Prix La Renaissance fran\u00e7aise.<\/p>\n<p style=\"text-align: center;\">\u00ab Une \u00e9tude dr\u00f4le et impertinente de la langue fran\u00e7aise, qui tord le cou \u00e0 quelques id\u00e9es re\u00e7ues. \u00bb<br \/>\n<strong><em>L&rsquo;express.fr<\/em><\/strong><\/p>\n<p style=\"text-align: center;\">\u00ab Int\u00e9ressant et joyeux \u00bb<br \/>\n<strong><em>Le Point<\/em><\/strong><\/p>\n<p style=\"text-align: center;\">\u00ab Bien racont\u00e9 et tr\u00e8s accessible, d\u00e9bat avec fougue des perspectives de cette langue \u00bb<br \/>\n<strong><em>The New York Times<\/em><\/strong><\/p>\n<div class=\"table-responsive\">\n<table class=\"browserref notranslate\">\n<tbody>\n<tr>\n<td><a href=\"http:\/\/www.amazon.com\/La-Grande-Aventure-Langue-Fran%C3%A7aise\/dp\/2764405618\/\" target=\"_blank\" rel=\"noopener noreferrer\"><img class=\"img-responsive\" style=\"width: 100%; height: auto;\" src=\"https:\/\/nadeaubarlow.com\/wp-content\/uploads\/2015\/08\/amazonbutton-COM.png\" alt=\"\" \/><\/a><\/td>\n<\/tr>\n<\/tbody>\n<\/table>\n<\/div>\n<hr \/>\n<p><\/div>  <\/div><!-- end div.wp-spoiler --><br \/>\n<div id=\"wp-spoiler-5\" class=\"wp-spoiler wpui-hashable wpui-android wpui-styles\" data-style=\"wpui-android\">  <h3 class=\"wp-spoiler-title wpui-hashable fade-true slide-true open-true\">Le fran\u00e7ais Quelle histoire! (\u00c9d. fran\u00e7aise)<\/h3><div class=\"wpui-hidden wp-spoiler-content\"><a href=\"https:\/\/nadeaubarlow.com\/fr\/livres\/\"><img loading=\"lazy\" class=\"alignleft\" src=\"https:\/\/nadeaubarlow.com\/wp-content\/uploads\/2014\/03\/Le-francais-quelle-histoire-2.jpg\" alt=\"\" width=\"199\" height=\"324\" \/><\/a><i>Cet essai raconte comment la langue fran\u00e7aise est devenue premier grand succ\u00e8s d\u2019exportation linguistique apr\u00e8s l\u2019Empire romain et comment elle demeure une des grandes langues internationales.<\/i><br \/>\n* Prix Mavis-Gallant \/ * Prix La Renaissance fran\u00e7aise.<\/p>\n<p style=\"text-align: center;\">\u00ab Une \u00e9tude dr\u00f4le et impertinente de la langue fran\u00e7aise, qui tord le cou \u00e0 quelques id\u00e9es re\u00e7ues. \u00bb<br \/>\n<strong><em>L&rsquo;express.fr<\/em><\/strong><\/p>\n<p style=\"text-align: center;\">\u00ab Int\u00e9ressant et joyeux \u00bb<br \/>\n<strong><em>Le Point<\/em><\/strong><\/p>\n<p style=\"text-align: center;\">\u00ab Bien racont\u00e9 et tr\u00e8s accessible, d\u00e9bat avec fougue des perspectives de cette langue \u00bb<br \/>\n<strong><em>The New York Times<\/em><\/strong><\/p>\n<div class=\"table-responsive\">\n<table class=\"browserref notranslate\">\n<tbody>\n<tr>\n<td><a href=\"http:\/\/www.amazon.com\/Francais-Quelle-Histoire-French-Edition\/dp\/2253162744\" target=\"_blank\" rel=\"noopener noreferrer\"><img class=\"img-responsive\" style=\"width: 100%; height: auto;\" src=\"https:\/\/nadeaubarlow.com\/wp-content\/uploads\/2015\/08\/amazonbutton-COM.png\" alt=\"\" \/><\/a><\/td>\n<\/tr>\n<\/tbody>\n<\/table>\n<\/div>\n<hr \/>\n<p><\/div>  <\/div><!-- end div.wp-spoiler --><br \/>\n<div id=\"wp-spoiler-6\" class=\"wp-spoiler wpui-hashable wpui-android wpui-styles\" data-style=\"wpui-android\">  <h3 class=\"wp-spoiler-title wpui-hashable fade-true slide-true open-true\">Pas si fous, ces fran\u00e7ais<\/h3><div class=\"wpui-hidden wp-spoiler-content\"><a href=\"https:\/\/nadeaubarlow.com\/fr\/livres\/\"><img loading=\"lazy\" class=\"alignleft\" src=\"https:\/\/nadeaubarlow.com\/wp-content\/uploads\/2014\/03\/pas-si-fous-ces-francais.jpg\" alt=\"\" width=\"199\" height=\"324\" \/><\/a><i> \u00c0 la fois un carnet de voyage et une \u00e9tude anthropologique qui explique pourquoi les Fran\u00e7ais sont si \u00ab fran\u00e7ais \u00bb <\/i><\/p>\n<p style=\"text-align: center;\">\u00ab Une lecture revigorante \u00bb<br \/>\n<strong><em> Bernard Pivot, Le Journal du dimanche<\/em><\/strong><\/p>\n<p style=\"text-align: center;\">\u00ab Pas si fous, ces auteurs! \u00bb<br \/>\n<strong><em>L\u2019actualit\u00e9<\/em><\/strong><\/p>\n<p style=\"text-align: center;\">\u00ab Devrait \u00eatre remis \u00e0 quiconque visite ou s\u2019\u00e9tablit en France. \u00bb<br \/>\n<strong><em>The Daily Telegraph<\/em><\/strong><\/p>\n<div class=\"table-responsive\">\n<table class=\"browserref notranslate\">\n<tbody>\n<tr>\n<td><a href=\"http:\/\/www.amazon.com\/Pas-Fous-Ces-Francais-French\/dp\/275780152X\/\" target=\"_blank\" rel=\"noopener noreferrer\"><img class=\"img-responsive\" style=\"width: 100%; height: auto;\" src=\"https:\/\/nadeaubarlow.com\/wp-content\/uploads\/2015\/08\/amazonbutton-COM.png\" alt=\"\" \/><\/a><\/td>\n<\/tr>\n<\/tbody>\n<\/table>\n<\/div>\n<hr \/>\n<p><\/div>  <\/div><!-- end div.wp-spoiler --><br \/>\n<div id=\"wp-spoiler-7\" class=\"wp-spoiler wpui-hashable wpui-android wpui-styles\" data-style=\"wpui-android\">  <h3 class=\"wp-spoiler-title wpui-hashable fade-true slide-true open-true\">Les fran\u00e7ais aussi ont un accent<\/h3><div class=\"wpui-hidden wp-spoiler-content\"><a href=\"https:\/\/nadeaubarlow.com\/fr\/livres\/\"><img loading=\"lazy\" class=\"alignleft\" src=\"https:\/\/nadeaubarlow.com\/wp-content\/uploads\/2014\/03\/les-francais-aussi-ont-un-accent.jpg\" alt=\"\" width=\"199\" height=\"324\" \/><\/a><i> Voici, en vingt-deux chapitres hilarants et lumineux, le r\u00e9cit des d\u00e9couvertes et des coups de gueule d\u2019un Qu\u00e9b\u00e9cois en France<\/i><\/p>\n<p style=\"text-align: center;\">\u00ab Une finesse et un humour revigorants. \u00bb<br \/>\n<strong><em> Lire<\/em><\/strong><\/p>\n<p style=\"text-align: center;\">\u00ab Un r\u00e9cit intello-loufoque pour le moins rigolo \u00bb<br \/>\n<strong><em>Le Soleil<\/em><\/strong><\/p>\n<p style=\"text-align: center;\">\u00ab Un satiriste de premier ordre \u00bb<br \/>\n<strong><em>The Montreal Gazette<\/em><\/strong><\/p>\n<p style=\"text-align: center;\">\u00ab Provoque des fous rires incontr\u00f4lables \u00bb<br \/>\n<strong><em>L\u2019Acadie Nouvelle<\/em><\/strong><\/p>\n<div class=\"table-responsive\">\n<table class=\"browserref notranslate\">\n<tbody>\n<tr>\n<td><a href=\"http:\/\/www.amazon.com\/fran\u00e7ais-aussi-accent-anthropologiques-Vielile-France\/dp\/222889561X\/\" target=\"_blank\" rel=\"noopener noreferrer\"><img class=\"img-responsive\" style=\"width: 100%; height: auto;\" src=\"https:\/\/nadeaubarlow.com\/wp-content\/uploads\/2015\/08\/amazonbutton-COM.png\" alt=\"\" \/><\/a><\/td>\n<\/tr>\n<\/tbody>\n<\/table>\n<\/div>\n<hr \/>\n<p><\/div>  <\/div><!-- end div.wp-spoiler --><br \/>\n<div id=\"wp-spoiler-8\" class=\"wp-spoiler wpui-hashable wpui-android wpui-styles\" data-style=\"wpui-android\">  <h3 class=\"wp-spoiler-title wpui-hashable fade-true slide-true open-true\">Le guide du travailleur autonome 3.0<\/h3><div class=\"wpui-hidden wp-spoiler-content\"><a href=\"https:\/\/nadeaubarlow.com\/fr\/livres\/\"><img loading=\"lazy\" class=\"alignleft\" src=\"https:\/\/nadeaubarlow.com\/wp-content\/uploads\/2014\/03\/Guide-du-travailleur-autonome-3-0.jpg\" alt=\"\" width=\"199\" height=\"324\" \/><\/a><i> Destin\u00e9 aux d\u00e9butants comme aux v\u00e9t\u00e9rans, cet ouvrage ultra-pratique et non d\u00e9nu\u00e9 d\u2019humour est la r\u00e9f\u00e9rence essentielle pour quiconque veut se lancer et r\u00e9ussir en affaires.<\/i><\/p>\n<p style=\"text-align: center;\">\u00ab Permet d\u2019envisager le travail autonome sous un angle plus r\u00e9aliste \u00bb<br \/>\n<strong><em> Les Affaires<\/em><\/strong><\/p>\n<p style=\"text-align: center;\">\u00ab Un outil de r\u00e9f\u00e9rence \u00bb<br \/>\n<strong><em>Le Devoir<\/em><\/strong><\/p>\n<p style=\"text-align: center;\">\u00ab Le parfait cadeau pour qu\u2019un \u00eatre cher soit heureux au travail. \u00bb<br \/>\n<strong><em>Le Journal de Montr\u00e9al <\/em><\/strong><\/p>\n<h4>Pour en savoir plus <a href=\"http:\/\/www.guidedutravailleurautonome.com\/\" target=\"_blank\" rel=\"noopener noreferrer\">Le guide du travailleur autonome<\/a><\/h4>\n<div class=\"table-responsive\">\n<table class=\"browserref notranslate\">\n<tbody>\n<tr>\n<td><a href=\"http:\/\/www.archambault.ca\/nadeaujean-benoit-guide-du-travailleur-autonome-ACH003376644-fr-pr\" target=\"_blank\" rel=\"noopener noreferrer\"><img class=\"img-responsive\" style=\"width: 100%; height: auto;\" src=\"https:\/\/nadeaubarlow.com\/wp-content\/uploads\/2015\/10\/logo-archambeault.png\" alt=\"\" \/><\/a><\/td>\n<td><a href=\"http:\/\/www.renaud-bray.com\/Livres_Produit.aspx?id=1414854&amp;def=Guide+du+travailleur+autonome(Le)+3e+%C3%A9d.%2cNADEAU%2c+JEAN-BENO%C3%8ET%2c9782764424896\" target=\"blank\" rel=\"noopener noreferrer\"><img class=\"img-responsive\" style=\"width: 100%; height: auto;\" src=\"https:\/\/nadeaubarlow.com\/wp-content\/uploads\/2015\/10\/logo-renaud-bray.png\" alt=\"\" \/><\/a><\/td>\n<td><a href=\"http:\/\/www.leslibraires.ca\/livres\/guide-travailleur-autonome-3-0-jean-benoit-nadeau-9782764424896.html\" target=\"_blank\" rel=\"noopener noreferrer\"><img class=\"img-responsive\" style=\"width: 100%; height: auto;\" src=\"https:\/\/nadeaubarlow.com\/wp-content\/uploads\/2015\/10\/logo-libraires.png\" alt=\"\" \/><\/a><\/td>\n<td><a href=\"https:\/\/itunes.apple.com\/ca\/book\/le-guide-du-travailleur-autonome\/id839566946?l=fr&amp;mt=11\" target=\"blank\" rel=\"noopener noreferrer\"><img class=\"img-responsive\" style=\"width: 100%; height: auto;\" src=\"https:\/\/nadeaubarlow.com\/wp-content\/uploads\/2015\/10\/logo_iBooks.png\" alt=\"\" \/><\/a><\/td>\n<\/tr>\n<\/tbody>\n<\/table>\n<\/div>\n<hr \/>\n<p><\/div>  <\/div><!-- end div.wp-spoiler --><br \/>\n<div id=\"wp-spoiler-9\" class=\"wp-spoiler wpui-hashable wpui-android wpui-styles\" data-style=\"wpui-android\">  <h3 class=\"wp-spoiler-title wpui-hashable fade-true slide-true open-true\">\u00c9crire pour vivre<\/h3><div class=\"wpui-hidden wp-spoiler-content\"><a href=\"https:\/\/nadeaubarlow.com\/fr\/livres\/\"><img loading=\"lazy\" class=\"alignleft\" src=\"https:\/\/nadeaubarlow.com\/wp-content\/uploads\/2014\/03\/Ecrire-pour-vivre.jpg\" alt=\"\" width=\"199\" height=\"324\" \/><\/a><i> Cet outil, indispensable pour ceux qui d\u00e9sirent vivre de leur plume, d\u00e9mythifie l\u2019univers de l\u2019\u00e9dition et du magazine.<\/i><\/p>\n<p style=\"text-align: center;\">\u00ab Encourage \u00e0 voir grand. Beaucoup lui devront une fi\u00e8re chandelle \u00bb<br \/>\n<strong><em> L&rsquo;actualit\u00e9<\/em><\/strong><\/p>\n<p style=\"text-align: center;\">\u00ab Il est imp\u00e9ratif de le lire \u00bb<br \/>\n<strong><em>La Presse<\/em><\/strong><\/p>\n<p style=\"text-align: center;\">\u00ab Un ouvrage fort substantiel pour conseiller les gens qui d\u00e9sirent vivre de l&rsquo;\u00e9criture \u00bb<br \/>\n<strong><em>Le Devoir <\/em><\/strong><\/p>\n<div class=\"table-responsive\">\n<table class=\"browserref notranslate\">\n<tbody>\n<tr>\n<td><a href=\"http:\/\/www.amazon.com\/ecrire-vivre-conseils-pratiques-revent\/dp\/2764405413\/\" target=\"_blank\" rel=\"noopener noreferrer\"><img class=\"img-responsive\" style=\"width: 100%; height: auto;\" src=\"https:\/\/nadeaubarlow.com\/wp-content\/uploads\/2015\/08\/amazonbutton-COM.png\" alt=\"\" \/><\/a><\/td>\n<\/tr>\n<\/tbody>\n<\/table>\n<\/div>\n<hr \/>\n<p><\/div>  <\/div><!-- end div.wp-spoiler --><\/p>\n<\/div>\n<\/div>\n","protected":false},"excerpt":{"rendered":"<p>&nbsp;<\/p>\n","protected":false},"author":10,"featured_media":10234,"parent":0,"menu_order":0,"comment_status":"closed","ping_status":"closed","template":"","meta":[],"_links":{"self":[{"href":"https:\/\/nadeaubarlow.com\/fr\/wp-json\/wp\/v2\/pages\/11760"}],"collection":[{"href":"https:\/\/nadeaubarlow.com\/fr\/wp-json\/wp\/v2\/pages"}],"about":[{"href":"https:\/\/nadeaubarlow.com\/fr\/wp-json\/wp\/v2\/types\/page"}],"author":[{"embeddable":true,"href":"https:\/\/nadeaubarlow.com\/fr\/wp-json\/wp\/v2\/users\/10"}],"replies":[{"embeddable":true,"href":"https:\/\/nadeaubarlow.com\/fr\/wp-json\/wp\/v2\/comments?post=11760"}],"version-history":[{"count":34,"href":"https:\/\/nadeaubarlow.com\/fr\/wp-json\/wp\/v2\/pages\/11760\/revisions"}],"predecessor-version":[{"id":12703,"href":"https:\/\/nadeaubarlow.com\/fr\/wp-json\/wp\/v2\/pages\/11760\/revisions\/12703"}],"wp:featuredmedia":[{"embeddable":true,"href":"https:\/\/nadeaubarlow.com\/fr\/wp-json\/wp\/v2\/media\/10234"}],"wp:attachment":[{"href":"https:\/\/nadeaubarlow.com\/fr\/wp-json\/wp\/v2\/media?parent=11760"}],"curies":[{"name":"wp","href":"https:\/\/api.w.org\/{rel}","templated":true}]}}