{"id":10905,"date":"2014-02-23T09:52:13","date_gmt":"2014-02-23T14:52:13","guid":{"rendered":"http:\/\/nadeaubarlow.com\/?page_id=10905"},"modified":"2014-05-09T12:07:16","modified_gmt":"2014-05-09T16:07:16","slug":"nouvellesevenements","status":"publish","type":"page","link":"https:\/\/nadeaubarlow.com\/fr\/nouvellesevenements\/","title":{"rendered":"Nouvelles\/\u00c9v\u00e9nements"},"content":{"rendered":"<table width=\"883\" border=\"0\" cellspacing=\"0\" cellpadding=\"0\">\n<tbody>\n<tr>\n<td valign=\"top\" width=\"152\">\n<h2>\u00c9v\u00e9nements R\u00e9cents<\/h2>\n<p><ul class=\"post-list\"><li class=\"listed-post\"><a class=\"pcs-post-title\" href=\"https:\/\/nadeaubarlow.com\/fr\/ecrire-pour-vivre-2e-edition\/\" title=\"\u00c9crire pour vivre, 2e \u00e9dition\">\u00c9crire pour vivre, 2e \u00e9dition<\/a><\/li><li class=\"listed-post\"><a class=\"pcs-post-title\" href=\"https:\/\/nadeaubarlow.com\/fr\/julie-en-podcast-ainsi-parlent-les-francais\/\" title=\"Julie en Podcast: Ainsi parlent les Fran\u00e7ais\">Julie en Podcast: Ainsi parlent les Fran\u00e7ais<\/a><\/li><li class=\"listed-post\"><a class=\"pcs-post-title\" href=\"https:\/\/nadeaubarlow.com\/fr\/barlow-nadeau-club-universitaire\/\" title=\"Barlow &amp; Nadeau au Club Universitaire\">Barlow &amp; Nadeau au Club Universitaire<\/a><\/li><li class=\"listed-post\"><a class=\"pcs-post-title\" href=\"https:\/\/nadeaubarlow.com\/fr\/jean-benoit-nadeau-interviewe-a-rci\/\" title=\"Jean-Beno\u00eet Nadeau interview\u00e9 \u00e0 RCI\">Jean-Beno\u00eet Nadeau interview\u00e9 \u00e0 RCI<\/a><\/li><li class=\"listed-post\"><a class=\"pcs-post-title\" href=\"https:\/\/nadeaubarlow.com\/fr\/nadeau-et-barlow-co-anime-emission-sur-france-culture-le-19-et-20-juillet-2014\/\" title=\"Nadeau et Barlow coaniment une \u00e9mission sur France Culture, le 19 et 20 juillet, 2014\">Nadeau et Barlow coaniment une \u00e9mission sur France Culture, le 19 et 20 juillet, 2014<\/a><\/li><li class=\"listed-post\"><a class=\"pcs-post-title\" href=\"https:\/\/nadeaubarlow.com\/fr\/invitation-rencontre-avec-jean-benoit-nadeau\/\" title=\"Invitation rencontre avec Jean-Beno\u00eet Nadeau\">Invitation rencontre avec Jean-Beno\u00eet Nadeau<\/a><\/li><li class=\"listed-post\"><a class=\"pcs-post-title\" href=\"https:\/\/nadeaubarlow.com\/fr\/les-ideologies-linguistiques-dans-la-presse-ecrite\/\" title=\"Les id\u00e9ologies linguistiques dans la presse \u00e9crite\">Les id\u00e9ologies linguistiques dans la presse \u00e9crite<\/a><\/li><li class=\"listed-post\"><a class=\"pcs-post-title\" href=\"https:\/\/nadeaubarlow.com\/fr\/jean-benoit-nadeau-au-parlement-europeen-a-bruxelles\/\" title=\"Jean-Beno\u00eet Nadeau au Parlement europ\u00e9en \u00e0 Bruxelles\">Jean-Beno\u00eet Nadeau au Parlement europ\u00e9en \u00e0 Bruxelles<\/a><\/li><li class=\"listed-post\"><a class=\"pcs-post-title\" href=\"https:\/\/nadeaubarlow.com\/fr\/formation-transformer-son-reportage-en-livre\/\" title=\"Formation : Transformer son reportage en livre\">Formation : Transformer son reportage en livre<\/a><\/li><li class=\"listed-post\"><a class=\"pcs-post-title\" href=\"https:\/\/nadeaubarlow.com\/fr\/le-5e-forum-francophone-du-pacifique\/\" title=\"Le 5e Forum Francophone du Pacifique\">Le 5e Forum Francophone du Pacifique<\/a><\/li><li class=\"listed-post\"><a class=\"pcs-post-title\" href=\"https:\/\/nadeaubarlow.com\/fr\/la-fpjq-faire-carriere-a-la-pige\/\" title=\"La FPJQ : Faire carri\u00e8re \u00e0 la pige\">La FPJQ : Faire carri\u00e8re \u00e0 la pige<\/a><\/li><li class=\"listed-post\"><a class=\"pcs-post-title\" href=\"https:\/\/nadeaubarlow.com\/fr\/faire-carriere-a-la-pige\/\" title=\"Faire carri\u00e8re \u00e0 la pige\">Faire carri\u00e8re \u00e0 la pige<\/a><\/li><li class=\"listed-post\"><a class=\"pcs-post-title\" href=\"https:\/\/nadeaubarlow.com\/fr\/la-carriere-decrivain\/\" title=\"La carri\u00e8re d'\u00e9crivain\">La carri\u00e8re d&rsquo;\u00e9crivain<\/a><\/li><li class=\"listed-post\"><a class=\"pcs-post-title\" href=\"https:\/\/nadeaubarlow.com\/fr\/formation-sur-le-journalisme-a-la-pige\/\" title=\"Formation sur le journalisme \u00e0 la pige\">Formation sur le journalisme \u00e0 la pige<\/a><\/li><li class=\"listed-post\"><a class=\"pcs-post-title\" href=\"https:\/\/nadeaubarlow.com\/fr\/debat-a-paris-jean-benoit-nadeau-vis-a-vis-donald-morrison\/\" title=\"D\u00e9bat \u00e0 Paris : Jean-Beno\u00eet Nadeau vis-\u00e0-vis Donald Morrison  \">D\u00e9bat \u00e0 Paris : Jean-Beno\u00eet Nadeau vis-\u00e0-vis Donald Morrison<\/a><\/li><li class=\"listed-post\"><a class=\"pcs-post-title\" href=\"https:\/\/nadeaubarlow.com\/fr\/debat-a-paris\/\" title=\"D\u00e9bat \u00e0 Paris\">D\u00e9bat \u00e0 Paris<\/a><\/li><li class=\"listed-post\"><a class=\"pcs-post-title\" href=\"https:\/\/nadeaubarlow.com\/fr\/conference-animee-par-jean-benoit-lalliance-francaise\/\" title=\"Conf\u00e9rence anim\u00e9e par Jean-Beno\u00eet \u2014 l'Alliance fran\u00e7aise Paris\">Conf\u00e9rence anim\u00e9e par Jean-Beno\u00eet \u2014 l&rsquo;Alliance fran\u00e7aise Paris<\/a><\/li><li class=\"listed-post\"><a class=\"pcs-post-title\" href=\"https:\/\/nadeaubarlow.com\/fr\/un-franc-succes\/\" title=\"Un franc succ\u00e8s\">Un franc succ\u00e8s<\/a><\/li><li class=\"listed-post\"><a class=\"pcs-post-title\" href=\"https:\/\/nadeaubarlow.com\/fr\/une-conference-a-paris\/\" title=\"Une conf\u00e9rence \u00e0 Paris\">Une conf\u00e9rence \u00e0 Paris<\/a><\/li><li class=\"listed-post\"><a class=\"pcs-post-title\" href=\"https:\/\/nadeaubarlow.com\/fr\/lancement-a-paris\/\" title=\"Lancement \u00e0 Paris!\">Lancement \u00e0 Paris!<\/a><\/li><\/ul><\/td>\n<td valign=\"top\" width=\"152\">\n<h2>\u00a0Dans les M\u00e9dias<\/h2>\n<p><ul class=\"post-list\"><li class=\"listed-post\"><a class=\"pcs-post-title\" href=\"https:\/\/nadeaubarlow.com\/fr\/le-francais-a-besoin-dune-mise-a-jour\/\" title=\"LE FRAN\u00c7AIS A BESOIN D'UNE MISE \u00c0 JOUR\">LE FRAN\u00c7AIS A BESOIN D&rsquo;UNE MISE \u00c0 JOUR<\/a><\/li><li class=\"listed-post\"><a class=\"pcs-post-title\" href=\"https:\/\/nadeaubarlow.com\/fr\/attaque-de-chiac\/\" title=\"Attaque de chiac!\">Attaque de chiac!<\/a><\/li><li class=\"listed-post\"><a class=\"pcs-post-title\" href=\"https:\/\/nadeaubarlow.com\/fr\/guide-de-survie-pour-un-marche-immobilier-en-folie\/\" title=\"Guide de survie pour un march\u00e9 immobilier en folie\">Guide de survie pour un march\u00e9 immobilier en folie<\/a><\/li><li class=\"listed-post\"><a class=\"pcs-post-title\" href=\"https:\/\/nadeaubarlow.com\/fr\/ecrire-pour-vivre-2e-edition\/\" title=\"\u00c9crire pour vivre, 2e \u00e9dition\">\u00c9crire pour vivre, 2e \u00e9dition<\/a><\/li><li class=\"listed-post\"><a class=\"pcs-post-title\" href=\"https:\/\/nadeaubarlow.com\/fr\/julie-en-podcast-ainsi-parlent-les-francais\/\" title=\"Julie en Podcast: Ainsi parlent les Fran\u00e7ais\">Julie en Podcast: Ainsi parlent les Fran\u00e7ais<\/a><\/li><li class=\"listed-post\"><a class=\"pcs-post-title\" href=\"https:\/\/nadeaubarlow.com\/fr\/extrait-dainsi-parlent-les-francaise-dans-la-presse\/\" title=\"Extrait d'Ainsi parlent les Fran\u00e7aise dans La Presse\">Extrait d&rsquo;Ainsi parlent les Fran\u00e7aise dans La Presse<\/a><\/li><li class=\"listed-post\"><a class=\"pcs-post-title\" href=\"https:\/\/nadeaubarlow.com\/fr\/ainsi-parlent-les-francais-dans-les-trois-suggestions-de-lecture-de-claudia-larochelle-a-rdi\/\" title=\"Ainsi parlent les Fran\u00e7ais dans les Trois suggestions de lecture de Claudia Larochelle \u00e0 RDI.\">Ainsi parlent les Fran\u00e7ais dans les Trois suggestions de lecture de Claudia Larochelle \u00e0 RDI.<\/a><\/li><li class=\"listed-post\"><a class=\"pcs-post-title\" href=\"https:\/\/nadeaubarlow.com\/fr\/entrevue-avec-julie-barlow-sur-lea-cafe\/\" title=\"Entrevue avec Julie Barlow sur L\u00e9a Caf\u00e9\">Entrevue avec Julie Barlow sur L\u00e9a Caf\u00e9<\/a><\/li><li class=\"listed-post\"><a class=\"pcs-post-title\" href=\"https:\/\/nadeaubarlow.com\/fr\/bonjour-effect-paragraphe2\/\" title=\"The Bonjour Effect: Lancement \u00e0 la librairie Paragraphe\">The Bonjour Effect: Lancement \u00e0 la librairie Paragraphe<\/a><\/li><li class=\"listed-post\"><a class=\"pcs-post-title\" href=\"https:\/\/nadeaubarlow.com\/fr\/jean-benoit-ouvre-la-saison-2-de-couleurs-locales\/\" title=\"Jean-Beno\u00eet ouvre la saison 2 de Couleurs Locales\">Jean-Beno\u00eet ouvre la saison 2 de Couleurs Locales<\/a><\/li><li class=\"listed-post\"><a class=\"pcs-post-title\" href=\"https:\/\/nadeaubarlow.com\/fr\/tournees-de-conferences-au-japon\/\" title=\"Tourn\u00e9es de Conf\u00e9rences au Japon\">Tourn\u00e9es de Conf\u00e9rences au Japon<\/a><\/li><li class=\"listed-post\"><a class=\"pcs-post-title\" href=\"https:\/\/nadeaubarlow.com\/fr\/charlie-ou-la-tolerance\/\" title=\"\u00abCharlie\u00bb ou la tol\u00e9rance\">\u00abCharlie\u00bb ou la tol\u00e9rance<\/a><\/li><li class=\"listed-post\"><a class=\"pcs-post-title\" href=\"https:\/\/nadeaubarlow.com\/fr\/jean-benoit-nadeau-interviewe-a-rci\/\" title=\"Jean-Beno\u00eet Nadeau interview\u00e9 \u00e0 RCI\">Jean-Beno\u00eet Nadeau interview\u00e9 \u00e0 RCI<\/a><\/li><li class=\"listed-post\"><a class=\"pcs-post-title\" href=\"https:\/\/nadeaubarlow.com\/fr\/huffington-post-entrevue-avec-jean-benoit-nadeau\/\" title=\"Huffington Post: Entrevue avec Jean-Beno\u00eet Nadeau\">Huffington Post: Entrevue avec Jean-Beno\u00eet Nadeau<\/a><\/li><li class=\"listed-post\"><a class=\"pcs-post-title\" href=\"https:\/\/nadeaubarlow.com\/fr\/la-france-donne-sa-langue-au-cat\/\" title=\"La France donne sa langue au \u2026cat \">La France donne sa langue au \u2026cat<\/a><\/li><li class=\"listed-post\"><a class=\"pcs-post-title\" href=\"https:\/\/nadeaubarlow.com\/fr\/ecoutez-la-langue-francaise-na-pas-dit-son-dernier-mot\/\" title=\"\u00c9coutez \"La langue fran\u00e7aise n'a pas dit son dernier mot\" \">\u00c9coutez \u00ab\u00a0La langue fran\u00e7aise n&rsquo;a pas dit son dernier mot\u00a0\u00bb<\/a><\/li><li class=\"listed-post\"><a class=\"pcs-post-title\" href=\"https:\/\/nadeaubarlow.com\/fr\/sotchi-les-jeux-olympiques-en-francais\/\" title=\"Sotchi:  Les Jeux Olympiques en fran\u00e7ais\">Sotchi:  Les Jeux Olympiques en fran\u00e7ais<\/a><\/li><li class=\"listed-post\"><a class=\"pcs-post-title\" href=\"https:\/\/nadeaubarlow.com\/fr\/dany-a-lacademie-immortel-pour-rien\/\" title=\"Dany \u00e0 l'Acad\u00e9mie: immortel pour rien\">Dany \u00e0 l&rsquo;Acad\u00e9mie: immortel pour rien<\/a><\/li><li class=\"listed-post\"><a class=\"pcs-post-title\" href=\"https:\/\/nadeaubarlow.com\/fr\/les-ideologies-linguistiques-dans-la-presse-ecrite\/\" title=\"Les id\u00e9ologies linguistiques dans la presse \u00e9crite\">Les id\u00e9ologies linguistiques dans la presse \u00e9crite<\/a><\/li><li class=\"listed-post\"><a class=\"pcs-post-title\" href=\"https:\/\/nadeaubarlow.com\/fr\/viaduc-de-millau-pont-champlain-meme-combat\/\" title=\"Viaduc de Millau, Pont Champlain: M\u00eame Combat?\">Viaduc de Millau, Pont Champlain: M\u00eame Combat?<\/a><\/li><li class=\"listed-post\"><a class=\"pcs-post-title\" href=\"https:\/\/nadeaubarlow.com\/fr\/voici-les-nouveaux-sino-quebecois\/\" title=\"Voici les nouveaux Sino-Qu\u00e9b\u00e9cois\">Voici les nouveaux Sino-Qu\u00e9b\u00e9cois<\/a><\/li><li class=\"listed-post\"><a class=\"pcs-post-title\" href=\"https:\/\/nadeaubarlow.com\/fr\/une-langue-ca-s-entretient\/\" title=\"Une langue \u00e7a s'entretient\">Une langue \u00e7a s&rsquo;entretient<\/a><\/li><li class=\"listed-post\"><a class=\"pcs-post-title\" href=\"https:\/\/nadeaubarlow.com\/fr\/letat-de-sante-de-la-langue-francaise\/\" title=\"l'\u00c9tat de sant\u00e9 de la langue fran\u00e7aise\">l&rsquo;\u00c9tat de sant\u00e9 de la langue fran\u00e7aise<\/a><\/li><li class=\"listed-post\"><a class=\"pcs-post-title\" href=\"https:\/\/nadeaubarlow.com\/fr\/le-combat-des-livres\/\" title=\"Le Combat des livres\">Le Combat des livres<\/a><\/li><li class=\"listed-post\"><a class=\"pcs-post-title\" href=\"https:\/\/nadeaubarlow.com\/fr\/la-loi-14-un-beau-debat\/\" title=\"La loi 14 : un beau d\u00e9bat\">La loi 14 : un beau d\u00e9bat<\/a><\/li><li class=\"listed-post\"><a class=\"pcs-post-title\" href=\"https:\/\/nadeaubarlow.com\/fr\/les-bons-coups-de-l-ontario-artistique\/\" title=\"Les bons coups de l'Ontario artistique\">Les bons coups de l&rsquo;Ontario artistique<\/a><\/li><li class=\"listed-post\"><a class=\"pcs-post-title\" href=\"https:\/\/nadeaubarlow.com\/fr\/maintenant-en-kiosque-3\/\" title=\"Maintenant en kiosque!\">Maintenant en kiosque!<\/a><\/li><li class=\"listed-post\"><a class=\"pcs-post-title\" href=\"https:\/\/nadeaubarlow.com\/fr\/la-scene-culturelle-francophone-au-canada\/\" title=\"La sc\u00e8ne culturelle francophone au Canada\">La sc\u00e8ne culturelle francophone au Canada<\/a><\/li><li class=\"listed-post\"><a class=\"pcs-post-title\" href=\"https:\/\/nadeaubarlow.com\/fr\/jean-benoit-a-la-radio-australienne\/\" title=\"Jean-Beno\u00eet \u00e0 la radio australienne!\">Jean-Beno\u00eet \u00e0 la radio australienne!<\/a><\/li><li class=\"listed-post\"><a class=\"pcs-post-title\" href=\"https:\/\/nadeaubarlow.com\/fr\/jean-benoit-nadeau-est-finaliste-pour-le-prix-judith-jasmin\/\" title=\"Jean-Beno\u00eet Nadeau est finaliste pour le prix Judith-Jasmin\">Jean-Beno\u00eet Nadeau est finaliste pour le prix Judith-Jasmin<\/a><\/li><li class=\"listed-post\"><a class=\"pcs-post-title\" href=\"https:\/\/nadeaubarlow.com\/fr\/le-francais-va-bien\/\" title=\"Le fran\u00e7ais va bien\">Le fran\u00e7ais va bien<\/a><\/li><li class=\"listed-post\"><a class=\"pcs-post-title\" href=\"https:\/\/nadeaubarlow.com\/fr\/jean-benoit-sur-art-attitude-en-nouvelle-caledonie\/\" title=\"Jean-Beno\u00eet sur Art\u2019attitude en Nouvelle-Cal\u00e9donie\">Jean-Beno\u00eet sur Art\u2019attitude en Nouvelle-Cal\u00e9donie<\/a><\/li><li class=\"listed-post\"><a class=\"pcs-post-title\" href=\"https:\/\/nadeaubarlow.com\/fr\/jean-benoit-est-attendu-de-pied-ferme-en-nouvelle-caledonie\/\" title=\"Jean-Beno\u00eet est attendu de pied ferme en Nouvelle-Cal\u00e9donie!\">Jean-Beno\u00eet est attendu de pied ferme en Nouvelle-Cal\u00e9donie!<\/a><\/li><li class=\"listed-post\"><a class=\"pcs-post-title\" href=\"https:\/\/nadeaubarlow.com\/fr\/article-par-nadeau-et-barlow-dans-le-usa-today-les-racines-hispaniques-des-etats-unis-sont-profondes\/\" title=\"Article par Nadeau et Barlow dans le USA Today : Les racines hispaniques des \u00c9tats-Unis sont profondes\">Article par Nadeau et Barlow dans le USA Today : Les racines hispaniques des \u00c9tats-Unis sont profondes<\/a><\/li><li class=\"listed-post\"><a class=\"pcs-post-title\" href=\"https:\/\/nadeaubarlow.com\/fr\/la-rencontre-de-jean-benoit-et-julie\/\" title=\"La rencontre de Jean-Beno\u00eet et Julie\">La rencontre de Jean-Beno\u00eet et Julie<\/a><\/li><li class=\"listed-post\"><a class=\"pcs-post-title\" href=\"https:\/\/nadeaubarlow.com\/fr\/jean-benoit-sur-medium-large\/\" title=\"Jean-Beno\u00eet sur M\u00e9dium Large\">Jean-Beno\u00eet sur M\u00e9dium Large<\/a><\/li><li class=\"listed-post\"><a class=\"pcs-post-title\" href=\"https:\/\/nadeaubarlow.com\/fr\/le-magazine-televise-espace-francophone\/\" title=\"Le magazine t\u00e9l\u00e9vis\u00e9 Espace francophone\">Le magazine t\u00e9l\u00e9vis\u00e9 Espace francophone<\/a><\/li><li class=\"listed-post\"><a class=\"pcs-post-title\" href=\"https:\/\/nadeaubarlow.com\/fr\/francophonie-des-possibilites-inexploitees\/\" title=\"Francophonie : des possibilit\u00e9s inexploit\u00e9es\">Francophonie : des possibilit\u00e9s inexploit\u00e9es<\/a><\/li><li class=\"listed-post\"><a class=\"pcs-post-title\" href=\"https:\/\/nadeaubarlow.com\/fr\/forum-mondial-de-la-langue-francaise\/\" title=\"Forum mondial de la langue fran\u00e7aise\">Forum mondial de la langue fran\u00e7aise<\/a><\/li><li class=\"listed-post\"><a class=\"pcs-post-title\" href=\"https:\/\/nadeaubarlow.com\/fr\/finaliste-aux-grands-prix-2012\/\" title=\"Finaliste aux Grands prix 2012\">Finaliste aux Grands prix 2012<\/a><\/li><li class=\"listed-post\"><a class=\"pcs-post-title\" href=\"https:\/\/nadeaubarlow.com\/fr\/l-identite-francaise\/\" title=\"L'identit\u00e9 fran\u00e7aise\">L&rsquo;identit\u00e9 fran\u00e7aise<\/a><\/li><li class=\"listed-post\"><a class=\"pcs-post-title\" href=\"https:\/\/nadeaubarlow.com\/fr\/abc-de-la-langue-francaise\/\" title=\"ABC de la langue fran\u00e7aise\">ABC de la langue fran\u00e7aise<\/a><\/li><li class=\"listed-post\"><a class=\"pcs-post-title\" href=\"https:\/\/nadeaubarlow.com\/fr\/lacademie-des-sciences-doutre-mer\/\" title=\"L\u2019Acad\u00e9mie des Sciences d\u2019Outre-mer accorde le prix La Renaissance Fran\u00e7aise \u00e0 Jean-Beno\u00eet Nadeau et Julie Barlow\">L\u2019Acad\u00e9mie des Sciences d\u2019Outre-mer accorde le prix La Renaissance Fran\u00e7aise \u00e0 Jean-Beno\u00eet Nadeau et Julie Barlow<\/a><\/li><li class=\"listed-post\"><a class=\"pcs-post-title\" href=\"https:\/\/nadeaubarlow.com\/fr\/le-francais-quelle-histoire-a-canal-academie\/\" title=\"Le fran\u00e7ais, quelle histoire! \u00e0 Canal Acad\u00e9mie. \">Le fran\u00e7ais, quelle histoire! \u00e0 Canal Acad\u00e9mie.<\/a><\/li><li class=\"listed-post\"><a class=\"pcs-post-title\" href=\"https:\/\/nadeaubarlow.com\/fr\/le-bilinguisme-cest-for-me-dable\/\" title=\"Le bilinguisme c\u2019est for me\u2026 dable!\">Le bilinguisme c\u2019est for me\u2026 dable!<\/a><\/li><li class=\"listed-post\"><a class=\"pcs-post-title\" href=\"https:\/\/nadeaubarlow.com\/fr\/jean-benoit-sur-radio-suisse-romande-2\/\" title=\"Jean-Beno\u00eet sur Radio Suisse Romande 2\">Jean-Beno\u00eet sur Radio Suisse Romande 2<\/a><\/li><li class=\"listed-post\"><a class=\"pcs-post-title\" href=\"https:\/\/nadeaubarlow.com\/fr\/jean-benoit-nadeau-sur-rfi\/\" title=\"Jean-Beno\u00eet Nadeau sur RFI\">Jean-Beno\u00eet Nadeau sur RFI<\/a><\/li><li class=\"listed-post\"><a class=\"pcs-post-title\" href=\"https:\/\/nadeaubarlow.com\/fr\/debat-a-paris\/\" title=\"D\u00e9bat \u00e0 Paris\">D\u00e9bat \u00e0 Paris<\/a><\/li><li class=\"listed-post\"><a class=\"pcs-post-title\" href=\"https:\/\/nadeaubarlow.com\/fr\/jean-benoit-sur-radio-notre-dame\/\" title=\"Jean-Beno\u00eet sur Radio Notre-Dame\">Jean-Beno\u00eet sur Radio Notre-Dame<\/a><\/li><li class=\"listed-post\"><a class=\"pcs-post-title\" href=\"https:\/\/nadeaubarlow.com\/fr\/jean-benoit-nadeau-sur-bazzo-tv\/\" title=\"Jean Beno\u00eet Nadeau sur Bazzo.tv\">Jean Beno\u00eet Nadeau sur Bazzo.tv<\/a><\/li><li class=\"listed-post\"><a class=\"pcs-post-title\" href=\"https:\/\/nadeaubarlow.com\/fr\/jean-benoit-nadeau-sur-france-culture\/\" title=\"Jean-Beno\u00eet Nadeau sur France Culture\">Jean-Beno\u00eet Nadeau sur France Culture<\/a><\/li><li class=\"listed-post\"><a class=\"pcs-post-title\" href=\"https:\/\/nadeaubarlow.com\/fr\/jean-benoit-nadeau-en-entrevue-avec-isabelle-marechal\/\" title=\"Jean-Beno\u00eet Nadeau en entrevue avec Isabelle Mar\u00e9chal\">Jean-Beno\u00eet Nadeau en entrevue avec Isabelle Mar\u00e9chal<\/a><\/li><li class=\"listed-post\"><a class=\"pcs-post-title\" href=\"https:\/\/nadeaubarlow.com\/fr\/jean-benoit-sur-france-culture\/\" title=\"Jean-Beno\u00eet sur France Culture!\">Jean-Beno\u00eet sur France Culture!<\/a><\/li><li class=\"listed-post\"><a class=\"pcs-post-title\" href=\"https:\/\/nadeaubarlow.com\/fr\/le-francais-quelle-histoire-dans-le-point\/\" title=\"Le fran\u00e7ais quelle histoire! dans Le Point\">Le fran\u00e7ais quelle histoire! dans Le Point<\/a><\/li><li class=\"listed-post\"><a class=\"pcs-post-title\" href=\"https:\/\/nadeaubarlow.com\/fr\/le-francais-quelle-histoire-et-zig-zag\/\" title=\"Le fran\u00e7ais, quelle histoire! et Zig Zag\">Le fran\u00e7ais, quelle histoire! et Zig Zag<\/a><\/li><li class=\"listed-post\"><a class=\"pcs-post-title\" href=\"https:\/\/nadeaubarlow.com\/fr\/le-francais-nappartient-plus-a-la-france\/\" title=\"Le fran\u00e7ais n\u2019appartient plus \u00e0 la France\">Le fran\u00e7ais n\u2019appartient plus \u00e0 la France<\/a><\/li><li class=\"listed-post\"><a class=\"pcs-post-title\" href=\"https:\/\/nadeaubarlow.com\/fr\/article-sur-le-francais-quelle-histoire-dans-le-magazine-francais-le-point\/\" title=\"Article sur Le fran\u00e7ais quelle histoire! dans le magazine fran\u00e7ais Le Point\">Article sur Le fran\u00e7ais quelle histoire! dans le magazine fran\u00e7ais Le Point<\/a><\/li><li class=\"listed-post\"><a class=\"pcs-post-title\" href=\"https:\/\/nadeaubarlow.com\/fr\/un-franc-succes\/\" title=\"Un franc succ\u00e8s\">Un franc succ\u00e8s<\/a><\/li><li class=\"listed-post\"><a class=\"pcs-post-title\" href=\"https:\/\/nadeaubarlow.com\/fr\/the-new-york-times-quelle-critique\/\" title=\"The New York Times, quelle critique!\">The New York Times, quelle critique!<\/a><\/li><li class=\"listed-post\"><a class=\"pcs-post-title\" href=\"https:\/\/nadeaubarlow.com\/fr\/la-presse-aime-la-grande-aventure\/\" title=\"La Presse aime La Grande aventure...\">La Presse aime La Grande aventure&#8230;<\/a><\/li><li class=\"listed-post\"><a class=\"pcs-post-title\" href=\"https:\/\/nadeaubarlow.com\/fr\/critique-de-bernard-pivot\/\" title=\"Critique de Bernard Pivot\">Critique de Bernard Pivot<\/a><\/li><li class=\"listed-post\"><a class=\"pcs-post-title\" href=\"https:\/\/nadeaubarlow.com\/fr\/le-francais-quelle-histoire\/\" title=\"Le fran\u00e7ais, quelle histoire!\">Le fran\u00e7ais, quelle histoire!<\/a><\/li><li class=\"listed-post\"><a class=\"pcs-post-title\" href=\"https:\/\/nadeaubarlow.com\/fr\/feature-pas-si-fous-ces-francais\/\" title=\"Pas si fous, ces Fran\u00e7ais...\">Pas si fous, ces Fran\u00e7ais&#8230;<\/a><\/li><li class=\"listed-post\"><a class=\"pcs-post-title\" href=\"https:\/\/nadeaubarlow.com\/fr\/une-belle-histoire\/\" title=\"Une belle histoire\">Une belle histoire<\/a><\/li><li class=\"listed-post\"><a class=\"pcs-post-title\" href=\"https:\/\/nadeaubarlow.com\/fr\/le-francais-connait-il-vraiment-un-declin\/\" title=\"Le Fran\u00e7ais, conna\u00eet-il vraiment un d\u00e9clin?\">Le Fran\u00e7ais, conna\u00eet-il vraiment un d\u00e9clin?<\/a><\/li><li class=\"listed-post\"><a class=\"pcs-post-title\" href=\"https:\/\/nadeaubarlow.com\/fr\/le-francais-n-est-pas-en-declin\/\" title=\"Le fran\u00e7ais n\u2019est pas en d\u00e9clin\">Le fran\u00e7ais n\u2019est pas en d\u00e9clin<\/a><\/li><li class=\"listed-post\"><a class=\"pcs-post-title\" href=\"https:\/\/nadeaubarlow.com\/fr\/the-story-of-french-une-langue-en-croissance\/\" title=\"The Story of French : une langue en croissance\">The Story of French : une langue en croissance<\/a><\/li><li class=\"listed-post\"><a class=\"pcs-post-title\" href=\"https:\/\/nadeaubarlow.com\/fr\/la-croix-arts-et-culture\/\" title=\"La Croix - Arts et culture\">La Croix &#8211; Arts et culture<\/a><\/li><li class=\"listed-post\"><a class=\"pcs-post-title\" href=\"https:\/\/nadeaubarlow.com\/fr\/des-journalistes-sinfiltrent-pour-decortiquer-lesprit-francais\/\" title=\"Des journalistes s'infiltrent pour d\u00e9cortiquer l'esprit fran\u00e7ais\">Des journalistes s&rsquo;infiltrent pour d\u00e9cortiquer l&rsquo;esprit fran\u00e7ais<\/a><\/li><li class=\"listed-post\"><a class=\"pcs-post-title\" href=\"https:\/\/nadeaubarlow.com\/fr\/liberation-critique-sixty-million-frenchmen-cant-be-wrong\/\" title=\"Lib\u00e9ration critique Sixty Million Frenchmen Can't Be Wrong \">Lib\u00e9ration critique Sixty Million Frenchmen Can&rsquo;t Be Wrong<\/a><\/li><\/ul><\/td>\n<\/tr>\n<\/tbody>\n<\/table>\n","protected":false},"excerpt":{"rendered":"<p>\u00c9v\u00e9nements R\u00e9cents \u00a0Dans les M\u00e9dias<\/p>\n","protected":false},"author":3,"featured_media":0,"parent":0,"menu_order":0,"comment_status":"closed","ping_status":"closed","template":"","meta":[],"_links":{"self":[{"href":"https:\/\/nadeaubarlow.com\/fr\/wp-json\/wp\/v2\/pages\/10905"}],"collection":[{"href":"https:\/\/nadeaubarlow.com\/fr\/wp-json\/wp\/v2\/pages"}],"about":[{"href":"https:\/\/nadeaubarlow.com\/fr\/wp-json\/wp\/v2\/types\/page"}],"author":[{"embeddable":true,"href":"https:\/\/nadeaubarlow.com\/fr\/wp-json\/wp\/v2\/users\/3"}],"replies":[{"embeddable":true,"href":"https:\/\/nadeaubarlow.com\/fr\/wp-json\/wp\/v2\/comments?post=10905"}],"version-history":[{"count":4,"href":"https:\/\/nadeaubarlow.com\/fr\/wp-json\/wp\/v2\/pages\/10905\/revisions"}],"predecessor-version":[{"id":11158,"href":"https:\/\/nadeaubarlow.com\/fr\/wp-json\/wp\/v2\/pages\/10905\/revisions\/11158"}],"wp:attachment":[{"href":"https:\/\/nadeaubarlow.com\/fr\/wp-json\/wp\/v2\/media?parent=10905"}],"curies":[{"name":"wp","href":"https:\/\/api.w.org\/{rel}","templated":true}]}}