{"id":11762,"date":"2015-10-14T15:02:33","date_gmt":"2015-10-14T19:02:33","guid":{"rendered":"http:\/\/nadeaubarlow.com\/es\/?page_id=11762"},"modified":"2015-10-14T15:22:18","modified_gmt":"2015-10-14T19:22:18","slug":"inicio","status":"publish","type":"page","link":"https:\/\/nadeaubarlow.com\/es\/inicio\/","title":{"rendered":"Inicio"},"content":{"rendered":"<div id=\"wp-spoiler-1\" class=\"wp-spoiler wpui-hashable wpui-android wpui-styles\" data-style=\"wpui-android\">  <h3 class=\"wp-spoiler-title wpui-hashable fade-true slide-true open-true\">La historia del espa\u00f1ol<\/h3><div class=\"wpui-hidden wp-spoiler-content\"><a href=\"https:\/\/nadeaubarlow.com\/books\/\"><img loading=\"lazy\" class=\"alignleft\" alt=\"\" src=\"https:\/\/nadeaubarlow.com\/wp-content\/uploads\/2014\/02\/n-La-historia-del-espagnol.jpg\" width=\"199\" height=\"324\" \/> <\/a><i>Una \u201cbiograf\u00eda\u201d que explica c\u00f3mo la lengua hispana naci\u00f3, evolucion\u00f3 y se difundi\u00f3 \u2013a veces contra viento y marea\u2013 para convertirse en la tercera lengua m\u00e1s hablada del mundo.<\/i><\/p>\n<p style=\"text-align: center;\">\u201c\u00a1Enhorabuena!\u201d<br \/>\n<strong><em>The Economist<\/em><\/strong><\/p>\n<p style=\"text-align: center;\">\u201c&#8230;fluye naturalmente\u201d<br \/>\n<strong><em>The Wall Street Journal<\/em><\/strong><\/p>\n<p style=\"text-align: center;\">\u201c&#8230;una valiosa historia de la lengua\u201d<br \/>\n<strong><em>The LA Times<\/em><\/strong><\/p>\n<div class=\"table-responsive\">\n<table class=\"browserref notranslate\">\n<tbody>\n<tr>\n<td><a href=\"http:\/\/www.amazon.com\/The-Story-Spanish-Jean-Benoit-Nadeau\/dp\/0312656025\" target=\"_blank\"><img class=\"img-responsive\" src=\"https:\/\/nadeaubarlow.com\/wp-content\/uploads\/2015\/08\/amazonbutton-COM.png\" alt=\"\" style=\"width:100%;height:auto\" ><\/a><\/td>\n<td><a href=\"http:\/\/www.barnesandnoble.com\/w\/the-story-of-spanish-jean-benoit-nadeau\/1111298314?ean=9780312656027\" target=\"_blank\"><img class=\"img-responsive\" src=\"https:\/\/nadeaubarlow.com\/wp-content\/uploads\/2015\/08\/bnbutton.png\" alt=\"\" style=\"width:100%;height:auto\" ><\/a><\/td>\n<\/tr>\n<\/tbody>\n<\/table><\/div>\n<hr \/>\n<p><\/div>  <\/div><!-- end div.wp-spoiler -->\n<p style=\"text-align: left;\"><div id=\"wp-spoiler-2\" class=\"wp-spoiler wpui-hashable wpui-android wpui-styles\" data-style=\"wpui-android\">  <h3 class=\"wp-spoiler-title wpui-hashable fade-true slide-true open-true\">The Story of French<\/h3><div class=\"wpui-hidden wp-spoiler-content\"><a href=\"https:\/\/nadeaubarlow.com\/books\/\"><img loading=\"lazy\" class=\"alignleft\" alt=\"\" src=\"https:\/\/nadeaubarlow.com\/wp-content\/uploads\/2014\/02\/n-story-of-FrenchcoverSMP.jpg\" width=\"199\" height=\"324\" \/><\/a><i>Una narrativa que se extiende desde Charlemagne hasta el Cirque du Soleil, revelando los misterios de la lengua francesa. <\/i><\/p>\n<p style=\"text-align: right;\">*Ganador de los premios literarios: Mavis Gallant de no ficci\u00f3n y La Renaissance Fran\u00e7aise.<\/p>\n<p style=\"text-align: center;\">\u201c&#8230; una historia bien contada y altamente accesible&#8230;\u201d<br \/>\n<strong><em>The New York Times<\/em><\/strong><\/p>\n<p style=\"text-align: center;\">\u201c&#8230;repleto de sorpresas, perspicacia y humor&#8230;\u201d<br \/>\n<strong><em>The Independent<\/em><\/strong><\/p>\n<p style=\"text-align: center;\">\u201c&#8230;un retrato que esclarece la sensibilidad francesa\u201d<br \/>\n<strong><em>Publisher\u2019s Weekly<\/em><\/strong><\/p>\n<div class=\"table-responsive\">\n<table class=\"browserref notranslate\">\n<tbody>\n<tr>\n<td><a href=\"href=\"http:\/\/www.amazon.com\/The-Story-French-Jean-Benoit-Nadeau\/dp\/0312341849\" target=\"_blank\"><img class=\"img-responsive\" src=\"https:\/\/nadeaubarlow.com\/wp-content\/uploads\/2015\/08\/amazonbutton-COM.png\" alt=\"\" style=\"width:100%;height:auto\" ><\/a><\/td>\n<td><a href=\"href=\"http:\/\/www.barnesandnoble.com\/w\/story-of-french-jean-benoit-nadeau\/1110777412?ean=9781429932400\" target=\"blank\"><img class=\"img-responsive\" src=\"https:\/\/nadeaubarlow.com\/wp-content\/uploads\/2015\/08\/bnbutton.png\" alt=\"\" style=\"width:100%;height:auto\" ><\/a><\/td>\n<\/tr>\n<\/tbody>\n<\/table><\/div>\n<hr \/>\n<p><\/div>  <\/div><!-- end div.wp-spoiler --><br \/>\n<div id=\"wp-spoiler-3\" class=\"wp-spoiler wpui-hashable wpui-android wpui-styles\" data-style=\"wpui-android\">  <h3 class=\"wp-spoiler-title wpui-hashable fade-true slide-true open-true\">Sixty Million Frenchmen Can\u2019t Be Wrong<\/h3><div class=\"wpui-hidden wp-spoiler-content\"><a href=\"https:\/\/nadeaubarlow.com\/books\/\"><img loading=\"lazy\" class=\"alignleft\" alt=\"\" src=\"https:\/\/nadeaubarlow.com\/wp-content\/uploads\/2014\/02\/n-sixty-million-frenchmen.jpg\" width=\"199\" height=\"324\" \/><\/a><i>Parte diario de viaje, parte estudio antropol\u00f3gico, cuenta la historia completa de la \u201cdiferencia\u201d francesa. <\/i><\/p>\n<p style=\"text-align: center;\">\u201c&#8230;cumple su objetivo maravillosamente\u201d<br \/>\n<strong><em> The Wall Street Journal<\/em><\/strong><\/p>\n<p style=\"text-align: center;\">\u201c&#8230;deber\u00eda repartirse en los aeropuertos Calais y Charles de Gaulle\u201d<br \/>\n<strong><em>The Daily Telegraph<\/em><\/strong><\/p>\n<p style=\"text-align: center;\">\u201c&#8230;un gran libro&#8230;\u201d<br \/>\n<strong><em>The Globe and Mail<\/em><\/strong><\/p>\n<div class=\"table-responsive\">\n<table class=\"browserref notranslate\">\n<tbody>\n<tr>\n<td><a href=\"http:\/\/www.amazon.com\/Sixty-Million-Frenchmen-Cant-Wrong\/dp\/1402200455\/\" target=\"_blank\"><img class=\"img-responsive\" src=\"https:\/\/nadeaubarlow.com\/wp-content\/uploads\/2015\/08\/amazonbutton-COM.png\" alt=\"\" style=\"width:100%;height:auto\" ><\/a><\/td>\n<td><a href=\"http:\/\/www.barnesandnoble.com\/w\/sixty-million-frenchmen-cant-be-wrong-jean-benoit-nadeau\/1100201530?ean=9781402200458\" target=\"blank\"><img class=\"img-responsive\" src=\"https:\/\/nadeaubarlow.com\/wp-content\/uploads\/2015\/08\/bnbutton.png\" alt=\"\" style=\"width:100%;height:auto\" ><\/a><\/td>\n<\/tr>\n<\/tbody>\n<\/table><\/div>\n<hr \/>\n<p><\/div>  <\/div><!-- end div.wp-spoiler --><\/p>\n","protected":false},"excerpt":{"rendered":"","protected":false},"author":10,"featured_media":10235,"parent":0,"menu_order":0,"comment_status":"closed","ping_status":"closed","template":"","meta":[],"_links":{"self":[{"href":"https:\/\/nadeaubarlow.com\/es\/wp-json\/wp\/v2\/pages\/11762"}],"collection":[{"href":"https:\/\/nadeaubarlow.com\/es\/wp-json\/wp\/v2\/pages"}],"about":[{"href":"https:\/\/nadeaubarlow.com\/es\/wp-json\/wp\/v2\/types\/page"}],"author":[{"embeddable":true,"href":"https:\/\/nadeaubarlow.com\/es\/wp-json\/wp\/v2\/users\/10"}],"replies":[{"embeddable":true,"href":"https:\/\/nadeaubarlow.com\/es\/wp-json\/wp\/v2\/comments?post=11762"}],"version-history":[{"count":7,"href":"https:\/\/nadeaubarlow.com\/es\/wp-json\/wp\/v2\/pages\/11762\/revisions"}],"predecessor-version":[{"id":11769,"href":"https:\/\/nadeaubarlow.com\/es\/wp-json\/wp\/v2\/pages\/11762\/revisions\/11769"}],"wp:featuredmedia":[{"embeddable":true,"href":"https:\/\/nadeaubarlow.com\/es\/wp-json\/wp\/v2\/media\/10235"}],"wp:attachment":[{"href":"https:\/\/nadeaubarlow.com\/es\/wp-json\/wp\/v2\/media?parent=11762"}],"curies":[{"name":"wp","href":"https:\/\/api.w.org\/{rel}","templated":true}]}}